{"id":106,"date":"2015-05-02T12:47:21","date_gmt":"2015-05-02T12:47:21","guid":{"rendered":"http:\/\/lovaasgjerstad.no\/jaerhons\/?page_id=106"},"modified":"2019-03-02T13:01:20","modified_gmt":"2019-03-02T13:01:20","slug":"jaerhons-hva-kjennetegner-rasen-i-dag","status":"publish","type":"page","link":"https:\/\/lovaasgjerstad.no\/jaerhons\/?page_id=106","title":{"rendered":"J\u00e6rh\u00f8ns &#8211; hva kjennetegner rasen i dag?"},"content":{"rendered":"<p>Rasen beskrives som livlig, noe tilbakeholden og flink til \u00e5 finne mat n\u00e5r den g\u00e5r fritt ute. Noen beskriver den som litt flaksete, mens andre kaller den kvikk og oppvakt. Den blir betegnet som en landrase, eller landh\u00f8nstype. Dette betyr at det er en rase som er mer p\u00e5virket av menneskers utvalg enn en naturrase, men forholdsvis mindre foredlet enn de h\u00f8yforedlede kulturrasene. J\u00e6rh\u00f8ns har blitt avlet fram for \u00e5 produsere egg.<\/p>\n<p>Skandinavisk Fjerkr\u00e6standard forteller hvordan j\u00e6rh\u00f8ns ideelt skal se ut. Den har tre s\u00e6rlige kjennemerker: Kroppsform \u2013 rygg-halestilling \u2013 farge og tegning.<br \/>\nDen har en stolt holdning, med en vannrett rygg og en h\u00f8yt b\u00e5ret hale. Fargevariantene er helt s\u00e6regne for rasen.<\/p>\n<p>Det er sjelden j\u00e6rh\u00f8ner legger seg til \u00e5 ruge. Dette skyldes at de har v\u00e6rt avlet for \u00e5 skulle legge egg gjennom hele \u00e5ret i omtrent 100 \u00e5r. En liten flokk med j\u00e6rh\u00f8ns forsyner fint familien din med ferske egg hver dag. De er n\u00f8ysomme og t\u00e5ler godt det norske klimaet.<\/p>\n<p>Tidligere var den godkjent i to fargevarianter brun-gul stripete og gul-brun stripete. Begge disse fargevariantene har kj\u00f8nnsvisende kyllinger, du kan se hvilket kj\u00f8nn kyllingen har n\u00e5r den kommer ut av egget. Hane- og h\u00f8nekyllinger har ulike farger og tegninger i dunene. I 2013 ble det godkjent en ny fargevariant, gr\u00e5stripete. Denne gr\u00e5stripete fargen er ogs\u00e5 helt spesiell for j\u00e6rh\u00f8ns. Den har kommet fram som en utspalting fra de andre, helt uten innblanding av andre raser.<\/p>\n<p>&nbsp;<\/p>\n<figure id=\"attachment_42\" aria-describedby=\"caption-attachment-42\" style=\"width: 197px\" class=\"wp-caption alignleft\"><img fetchpriority=\"high\" decoding=\"async\" class=\"size-full wp-image-42\" src=\"http:\/\/lovaasgjerstad.no\/jaerhons\/wp-content\/uploads\/2019\/03\/Poster_1_Hane.png\" alt=\"Brun-gul (m\u00f8rk) J\u00e6rhane. Foto: J. L. Gjerstad\" width=\"197\" height=\"283\" \/><figcaption id=\"caption-attachment-42\" class=\"wp-caption-text\">Brun-gul (m\u00f8rk) J\u00e6rhane.<br \/>Foto: J. L. Gjerstad<\/figcaption><\/figure>\n<figure id=\"attachment_33\" aria-describedby=\"caption-attachment-33\" style=\"width: 240px\" class=\"wp-caption alignleft\"><img decoding=\"async\" class=\"size-medium wp-image-33\" src=\"http:\/\/lovaasgjerstad.no\/jaerhons\/wp-content\/uploads\/2019\/03\/Poster_2_M\u00f8rk_h\u00f8ne-240x300.png\" alt=\"Brun-gul (m\u00f8rk) h\u00f8ne. Foto: J. L. Gjerstad\" width=\"240\" height=\"300\" srcset=\"https:\/\/lovaasgjerstad.no\/jaerhons\/wp-content\/uploads\/2019\/03\/Poster_2_M\u00f8rk_h\u00f8ne-240x300.png 240w, https:\/\/lovaasgjerstad.no\/jaerhons\/wp-content\/uploads\/2019\/03\/Poster_2_M\u00f8rk_h\u00f8ne.png 394w\" sizes=\"(max-width: 240px) 100vw, 240px\" \/><figcaption id=\"caption-attachment-33\" class=\"wp-caption-text\">Brun-gul (m\u00f8rk) h\u00f8ne.<br \/>Foto: J. L. Gjerstad<\/figcaption><\/figure>\n<h2>Brun-gul stripete<\/h2>\n<p>Hanen: Hode og halsbeheng er hvitt med str\u00e5gul striping i nederste fj\u00e6rdel. Rygg og sadlebeheng er hvitlig med gr\u00e5-brun-gul ribstripe og gyldengul rand, med svak tverrstriping. Bryst, buk og l\u00e5r er en blanding av hvitt, med svakelig gult skj\u00e6r, som ved brystet g\u00e5r over i en uregelmessig gr\u00e5brun-gul striping.<br \/>\nH\u00f8na: Hode, nakke og halskrage er gult med gul-brun uregelmessig striping, som blir sterkere mot bryst og buk. Rygg og haledekker er m\u00f8rk-brun-gul med uregelmessig tverrstriping. Brystet er forholdsvis markert og med rimelig bred tverrstriping i gr\u00e5 og lys gulbrun tone, som blir mer gr\u00e5 mot buk og l\u00e5r.<\/p>\n<p>&nbsp;<\/p>\n<p>&nbsp;<\/p>\n<figure id=\"attachment_41\" aria-describedby=\"caption-attachment-41\" style=\"width: 240px\" class=\"wp-caption alignleft\"><img decoding=\"async\" class=\"size-medium wp-image-41\" src=\"http:\/\/lovaasgjerstad.no\/jaerhons\/wp-content\/uploads\/2019\/03\/Poster_2_Lys_hane-240x300.png\" alt=\"Gul-brun (lys) hane. Foto: J.L. Gjerstad\" width=\"240\" height=\"300\" srcset=\"https:\/\/lovaasgjerstad.no\/jaerhons\/wp-content\/uploads\/2019\/03\/Poster_2_Lys_hane-240x300.png 240w, https:\/\/lovaasgjerstad.no\/jaerhons\/wp-content\/uploads\/2019\/03\/Poster_2_Lys_hane.png 394w\" sizes=\"(max-width: 240px) 100vw, 240px\" \/><figcaption id=\"caption-attachment-41\" class=\"wp-caption-text\">Gul-brun (lys) hane.<br \/>Foto: J.L. Gjerstad<\/figcaption><\/figure>\n<figure id=\"attachment_31\" aria-describedby=\"caption-attachment-31\" style=\"width: 300px\" class=\"wp-caption alignleft\"><img loading=\"lazy\" decoding=\"async\" class=\"size-medium wp-image-31\" src=\"http:\/\/lovaasgjerstad.no\/jaerhons\/wp-content\/uploads\/2019\/03\/Poster_2_lys_h\u00f8ne-300x300.png\" alt=\"Gul-brun (lys) h\u00f8ne. Foto: J.L. Gjerstad\" width=\"300\" height=\"300\" srcset=\"https:\/\/lovaasgjerstad.no\/jaerhons\/wp-content\/uploads\/2019\/03\/Poster_2_lys_h\u00f8ne-300x300.png 300w, https:\/\/lovaasgjerstad.no\/jaerhons\/wp-content\/uploads\/2019\/03\/Poster_2_lys_h\u00f8ne-150x150.png 150w, https:\/\/lovaasgjerstad.no\/jaerhons\/wp-content\/uploads\/2019\/03\/Poster_2_lys_h\u00f8ne.png 394w\" sizes=\"(max-width: 300px) 100vw, 300px\" \/><figcaption id=\"caption-attachment-31\" class=\"wp-caption-text\">Gul-brun (lys) h\u00f8ne.<br \/>Foto: J.L. Gjerstad<\/figcaption><\/figure>\n<h2>Gul-brun stripete<\/h2>\n<p>Hane: Tegningsfargen er som for brun-gul, men en helhet lysere.<br \/>\nH\u00f8ne: Tegningsformen er en mellomting av dobbeltpletting og tverrstriping. Grunnfargen er gul og gr\u00e5sort. Hode, nakke og halskrave er gultverrstripet med gr\u00e5-sort pletting. Rygg og halsdekkfj\u00e6r er svak lys gul med gr\u00e5sort pletting (striping). Bryst, buk og l\u00e5r, der er forhalsen gul med utvisket tverrstriping, som g\u00e5r mer over i melert gul brystfarge.<\/p>\n<p>&nbsp;<\/p>\n<p>&nbsp;<\/p>\n<figure id=\"attachment_43\" aria-describedby=\"caption-attachment-43\" style=\"width: 300px\" class=\"wp-caption alignleft\"><img loading=\"lazy\" decoding=\"async\" class=\"size-medium wp-image-43\" src=\"http:\/\/lovaasgjerstad.no\/jaerhons\/wp-content\/uploads\/2019\/03\/Poster_2_Gr\u00e5_Hane-300x300.png\" alt=\"Gr\u00e5stripet hane. Foto: J. L. Gjerstad\" width=\"300\" height=\"300\" srcset=\"https:\/\/lovaasgjerstad.no\/jaerhons\/wp-content\/uploads\/2019\/03\/Poster_2_Gr\u00e5_Hane-300x300.png 300w, https:\/\/lovaasgjerstad.no\/jaerhons\/wp-content\/uploads\/2019\/03\/Poster_2_Gr\u00e5_Hane-150x150.png 150w, https:\/\/lovaasgjerstad.no\/jaerhons\/wp-content\/uploads\/2019\/03\/Poster_2_Gr\u00e5_Hane.png 394w\" sizes=\"(max-width: 300px) 100vw, 300px\" \/><figcaption id=\"caption-attachment-43\" class=\"wp-caption-text\">Gr\u00e5stripet hane.<br \/>Foto: J. L. Gjerstad<\/figcaption><\/figure>\n<figure id=\"attachment_40\" aria-describedby=\"caption-attachment-40\" style=\"width: 300px\" class=\"wp-caption alignleft\"><img loading=\"lazy\" decoding=\"async\" class=\"size-medium wp-image-40\" src=\"http:\/\/lovaasgjerstad.no\/jaerhons\/wp-content\/uploads\/2019\/03\/Poster_2_Gr\u00e5_H\u00f8ne-300x300.png\" alt=\"Gr\u00e5stripet h\u00f8ne. Foto: J. L. Gjerstad\" width=\"300\" height=\"300\" srcset=\"https:\/\/lovaasgjerstad.no\/jaerhons\/wp-content\/uploads\/2019\/03\/Poster_2_Gr\u00e5_H\u00f8ne-300x300.png 300w, https:\/\/lovaasgjerstad.no\/jaerhons\/wp-content\/uploads\/2019\/03\/Poster_2_Gr\u00e5_H\u00f8ne-150x150.png 150w, https:\/\/lovaasgjerstad.no\/jaerhons\/wp-content\/uploads\/2019\/03\/Poster_2_Gr\u00e5_H\u00f8ne.png 394w\" sizes=\"(max-width: 300px) 100vw, 300px\" \/><figcaption id=\"caption-attachment-40\" class=\"wp-caption-text\">Gr\u00e5stripet h\u00f8ne.<br \/>Foto: J. L. Gjerstad<\/figcaption><\/figure>\n<h2>Gr\u00e5stripete<\/h2>\n<p>Den nye godkjente gr\u00e5stripete j\u00e6rh\u00f8nsfargen der er hanen hvit med uregelmessig gr\u00e5 tverrstriping. H\u00f8na er m\u00f8rk gr\u00e5stripet, med gult i halskraven. Denne varianten minner sv\u00e6rt mye om den \u201dgr\u00e5stripete eller svarte tverrstripete\u201d som beskrives hos eldre typer av j\u00e6rh\u00f8ns. Men kyllingene hos denne nye fargen er m\u00f8rk brune, ikke svarte som Finne og Tuff fant hos den gamle varianten.<\/p>\n<p>J\u00e6rhanen 1,75-2,0 kg. J\u00e6rh\u00f8na 1,5-1,75 kg. J\u00e6rh\u00f8na legger hvite egg, som skal v\u00e6re minst 55 g. store, rugeegg b\u00f8r v\u00e6re over 60 g.<\/p>\n","protected":false},"excerpt":{"rendered":"<p>Rasen beskrives som livlig, noe tilbakeholden og flink til \u00e5 finne mat n\u00e5r den g\u00e5r fritt ute. Noen beskriver den som litt flaksete, mens andre kaller den kvikk og oppvakt. Den blir betegnet som en landrase, eller landh\u00f8nstype. Dette betyr at det er en rase som er mer p\u00e5virket av menneskers utvalg enn en naturrase, [&hellip;]<\/p>\n","protected":false},"author":1,"featured_media":0,"parent":30,"menu_order":0,"comment_status":"closed","ping_status":"closed","template":"","meta":{"footnotes":""},"class_list":["post-106","page","type-page","status-publish","hentry"],"_links":{"self":[{"href":"https:\/\/lovaasgjerstad.no\/jaerhons\/index.php?rest_route=\/wp\/v2\/pages\/106","targetHints":{"allow":["GET"]}}],"collection":[{"href":"https:\/\/lovaasgjerstad.no\/jaerhons\/index.php?rest_route=\/wp\/v2\/pages"}],"about":[{"href":"https:\/\/lovaasgjerstad.no\/jaerhons\/index.php?rest_route=\/wp\/v2\/types\/page"}],"author":[{"embeddable":true,"href":"https:\/\/lovaasgjerstad.no\/jaerhons\/index.php?rest_route=\/wp\/v2\/users\/1"}],"replies":[{"embeddable":true,"href":"https:\/\/lovaasgjerstad.no\/jaerhons\/index.php?rest_route=%2Fwp%2Fv2%2Fcomments&post=106"}],"version-history":[{"count":5,"href":"https:\/\/lovaasgjerstad.no\/jaerhons\/index.php?rest_route=\/wp\/v2\/pages\/106\/revisions"}],"predecessor-version":[{"id":111,"href":"https:\/\/lovaasgjerstad.no\/jaerhons\/index.php?rest_route=\/wp\/v2\/pages\/106\/revisions\/111"}],"up":[{"embeddable":true,"href":"https:\/\/lovaasgjerstad.no\/jaerhons\/index.php?rest_route=\/wp\/v2\/pages\/30"}],"wp:attachment":[{"href":"https:\/\/lovaasgjerstad.no\/jaerhons\/index.php?rest_route=%2Fwp%2Fv2%2Fmedia&parent=106"}],"curies":[{"name":"wp","href":"https:\/\/api.w.org\/{rel}","templated":true}]}}