{"id":112,"date":"2015-05-05T13:02:36","date_gmt":"2015-05-05T13:02:36","guid":{"rendered":"http:\/\/lovaasgjerstad.no\/jaerhons\/?page_id=112"},"modified":"2019-03-02T13:06:53","modified_gmt":"2019-03-02T13:06:53","slug":"dverg-jaerhons-den-eneste-norske-dverghona","status":"publish","type":"page","link":"https:\/\/lovaasgjerstad.no\/jaerhons\/?page_id=112","title":{"rendered":"Dverg j\u00e6rh\u00f8ns &#8211; den eneste norske dvergh\u00f8na!"},"content":{"rendered":"<figure id=\"attachment_35\" aria-describedby=\"caption-attachment-35\" style=\"width: 300px\" class=\"wp-caption alignleft\"><img fetchpriority=\"high\" decoding=\"async\" class=\"size-medium wp-image-35\" src=\"http:\/\/lovaasgjerstad.no\/jaerhons\/wp-content\/uploads\/2019\/03\/Poster_3_DvJ\u00e6rh\u00f8ner-300x199.jpg\" alt=\"Dverg j\u00e6rh\u00f8ner. Foto: J. L. Gjerstad.\" width=\"300\" height=\"199\" srcset=\"https:\/\/lovaasgjerstad.no\/jaerhons\/wp-content\/uploads\/2019\/03\/Poster_3_DvJ\u00e6rh\u00f8ner-300x199.jpg 300w, https:\/\/lovaasgjerstad.no\/jaerhons\/wp-content\/uploads\/2019\/03\/Poster_3_DvJ\u00e6rh\u00f8ner.jpg 394w\" sizes=\"(max-width: 300px) 100vw, 300px\" \/><figcaption id=\"caption-attachment-35\" class=\"wp-caption-text\">Dverg j\u00e6rh\u00f8ner.<br \/>Foto: J. L. Gjerstad.<\/figcaption><\/figure>\n<p>Dverg j\u00e6rh\u00f8ns ble godkjent under landsutstillingen i T\u00f8nsberg i 1993. Dverg j\u00e6rh\u00f8ns ble avlet fram av en liten gruppe oppdrettere i \u00d8stfold Rasefj\u00e6rfeklubb. Trond Hansen, Johan Viker og Eliot Bj\u00f8rnli sto bak dette avlsarbeidet. Hansen og Viker var kjente j\u00e6rh\u00f8nsoppdrettere p\u00e5 denne tiden. De hadde et \u00f8nske om \u00e5 skape en norsk dvergh\u00f8ne. Dvergvarianten er en mindre variant av de gamle j\u00e6rh\u00f8nsene, som har blitt foredlet ved hjelp av danske landh\u00f8ns dverg, moderne engelsk dvergkamph\u00f8ns og senere hollandske dvergh\u00f8ns. De har i perioder hentet blodfornyelse fra de vanlige j\u00e6rh\u00f8ns, for \u00e5 avle inn nye linjer og motvirke innavl.<\/p>\n<figure id=\"attachment_34\" aria-describedby=\"caption-attachment-34\" style=\"width: 197px\" class=\"wp-caption alignright\"><img decoding=\"async\" class=\"size-full wp-image-34\" src=\"http:\/\/lovaasgjerstad.no\/jaerhons\/wp-content\/uploads\/2019\/03\/Poster_3_DvJ\u00e6rhane.jpg\" alt=\"Brun-gul j\u00e6rhane. Foto: J. L. Gjerstad\" width=\"197\" height=\"295\" \/><figcaption id=\"caption-attachment-34\" class=\"wp-caption-text\">Brun-gul j\u00e6rhane.<br \/>Foto: J. L. Gjerstad<\/figcaption><\/figure>\n<p>Dverg j\u00e6rh\u00f8nsene er en kvikk rase som den eldre store varianten. Den har f\u00e5tt en egenskap man sjelden finner hos den store, det er flere som ruger og de er noe roligere av type. Dette er typisk for mange dvergvarianter. Dette er egenskaper dvergen har f\u00e5tt med seg fra danske landh\u00f8ns dverg og hollandske dvergh\u00f8ns.<\/p>\n<p>Dverg j\u00e6rh\u00f8ns passer utmerket for hobbyh\u00f8nsehold i en villahage. De er livlige og blir lett fortrolige. P\u00e5 grunn av st\u00f8rrelsen er hanens volum n\u00e5r den galer ogs\u00e5 noe mer dempet p\u00e5 grunn av st\u00f8rrelsen passer den ogs\u00e5 godt for de som bor tettere p\u00e5 naboen.<\/p>\n<p>Dverg j\u00e6rhanen skal i f\u00f8lge standarden veie 800 g., og h\u00f8na 700 g. Eggene er hvite, og minstevekten for rugeegg er 30 g.<\/p>\n<figure id=\"attachment_36\" aria-describedby=\"caption-attachment-36\" style=\"width: 197px\" class=\"wp-caption alignleft\"><img decoding=\"async\" class=\"size-full wp-image-36\" src=\"http:\/\/lovaasgjerstad.no\/jaerhons\/wp-content\/uploads\/2019\/03\/Poster_3_DvJ\u00e6rh\u00f8neruger.jpg\" alt=\"Dverg j\u00e6rh\u00f8ne ruger. Foto: J. L. Gjerstad\" width=\"197\" height=\"295\" \/><figcaption id=\"caption-attachment-36\" class=\"wp-caption-text\">Dverg j\u00e6rh\u00f8na er ogs\u00e5 en god rugeh\u00f8ne, og passer kyllingene sine godt.<br \/>Foto: J. L. Gjerstad<\/figcaption><\/figure>\n<p>Dvergvarianten er avlet fram blant Norsk Rasefj\u00e6rfeforbunds oppdrettere, og har utelukkende blitt holdt for hobbyform\u00e5l.<\/p>\n<p>Fargevariantene for denne f\u00f8lger de samme som for den store. Hittil er ikke den nye gr\u00e5stripete avlet fram hos dvergvarianten.<\/p>\n","protected":false},"excerpt":{"rendered":"<p>Dverg j\u00e6rh\u00f8ns ble godkjent under landsutstillingen i T\u00f8nsberg i 1993. Dverg j\u00e6rh\u00f8ns ble avlet fram av en liten gruppe oppdrettere i \u00d8stfold Rasefj\u00e6rfeklubb. Trond Hansen, Johan Viker og Eliot Bj\u00f8rnli sto bak dette avlsarbeidet. Hansen og Viker var kjente j\u00e6rh\u00f8nsoppdrettere p\u00e5 denne tiden. De hadde et \u00f8nske om \u00e5 skape en norsk dvergh\u00f8ne. Dvergvarianten er [&hellip;]<\/p>\n","protected":false},"author":1,"featured_media":0,"parent":30,"menu_order":0,"comment_status":"closed","ping_status":"closed","template":"","meta":{"footnotes":""},"class_list":["post-112","page","type-page","status-publish","hentry"],"_links":{"self":[{"href":"https:\/\/lovaasgjerstad.no\/jaerhons\/index.php?rest_route=\/wp\/v2\/pages\/112","targetHints":{"allow":["GET"]}}],"collection":[{"href":"https:\/\/lovaasgjerstad.no\/jaerhons\/index.php?rest_route=\/wp\/v2\/pages"}],"about":[{"href":"https:\/\/lovaasgjerstad.no\/jaerhons\/index.php?rest_route=\/wp\/v2\/types\/page"}],"author":[{"embeddable":true,"href":"https:\/\/lovaasgjerstad.no\/jaerhons\/index.php?rest_route=\/wp\/v2\/users\/1"}],"replies":[{"embeddable":true,"href":"https:\/\/lovaasgjerstad.no\/jaerhons\/index.php?rest_route=%2Fwp%2Fv2%2Fcomments&post=112"}],"version-history":[{"count":2,"href":"https:\/\/lovaasgjerstad.no\/jaerhons\/index.php?rest_route=\/wp\/v2\/pages\/112\/revisions"}],"predecessor-version":[{"id":114,"href":"https:\/\/lovaasgjerstad.no\/jaerhons\/index.php?rest_route=\/wp\/v2\/pages\/112\/revisions\/114"}],"up":[{"embeddable":true,"href":"https:\/\/lovaasgjerstad.no\/jaerhons\/index.php?rest_route=\/wp\/v2\/pages\/30"}],"wp:attachment":[{"href":"https:\/\/lovaasgjerstad.no\/jaerhons\/index.php?rest_route=%2Fwp%2Fv2%2Fmedia&parent=112"}],"curies":[{"name":"wp","href":"https:\/\/api.w.org\/{rel}","templated":true}]}}