{"id":115,"date":"2015-05-05T13:07:20","date_gmt":"2015-05-05T13:07:20","guid":{"rendered":"http:\/\/lovaasgjerstad.no\/jaerhons\/?page_id=115"},"modified":"2019-03-02T13:08:27","modified_gmt":"2019-03-02T13:08:27","slug":"norske-landhons-bondens-honer","status":"publish","type":"page","link":"https:\/\/lovaasgjerstad.no\/jaerhons\/?page_id=115","title":{"rendered":"Norske landh\u00f8ns &#8211; bondens h\u00f8ner"},"content":{"rendered":"<p>Norske landh\u00f8ns nevnes tidlig i norsk fj\u00e6rfelitteratur. I starten er det ikke i s\u00e6rlig positive ordelag, men kanskje er det fordi at de som skriver heller vil markedsf\u00f8re sine egne importerte h\u00f8nseraser?<\/p>\n<p>P\u00e5 g\u00e5rder og tun rundt om i hele landet har de fleste mennesker en flokk med h\u00f8ns. H\u00f8ns hadde lav status som husdyr, som oftest var det kvinner og barn som hadde ansvar for disse dyrene. Menn hadde ansvar for arbeidsdyrene, som hesten. Det tok lang tid f\u00f8r det ble bygget egne h\u00f8nserom eller h\u00f8nsehus p\u00e5 norske g\u00e5rder. H\u00f8nsene m\u00e5tte som regel finne seg vagleplass for natten et sted oppunder taket i kufj\u00f8set. Landh\u00f8nsene m\u00e5tte finne sin egen mat n\u00e5r de gikk fritt ute p\u00e5 dagen. Korn ble regnet som for kostbart for h\u00f8nsemat. Det var f\u00f8rst p\u00e5 slutten av 1800-tallet at det ble gitt anbefalinger om \u00e5 gi h\u00f8ns korn for \u00e5 \u00f8ke eggproduksjonen.<\/p>\n<p>I 1883 hadde blant annet Grev Harald Wedel Jarlsberg og direkt\u00f8r ved Aas H\u00f8iere Landbrugsskole Theodor Koller v\u00e6rt blant initiativtakerne til \u201dForeningen til Fj\u00e6rkr\u00e6avlens Fremme\u201d i Norge. I 1884 kom det f\u00f8rste tidsskriftet fra foreningen ut, \u201dTidsskrift for Fj\u00e6rkr\u00e6avl\u201d. Samme \u00e5ret ble Kongen foreningens h\u00f8ye beskytter, noe som forteller at status for seri\u00f8s fj\u00e6rfeavl var p\u00e5 vei oppover.<\/p>\n<p>Etableringen av foreningen og et norsk tidsskrift dannet grunnlag for \u00e5 spre informasjon om h\u00f8nsehold. Kontingenten kostet 2 kroner per \u00e5r, eller 20 kroner for livslangt medlemskap.<\/p>\n<p>Det var mange importerte utenlandske raser som hadde godt rykte for \u00e5 legge mange egg eller \u00e5 v\u00e6re gode raser for kombinasjon av egg- og kj\u00f8ttproduksjon. I 1884 ble det stilt sp\u00f8rsm\u00e5l om det lenger fantes noen h\u00f8ns man kunne kalle norske landh\u00f8ns, eller var disse blitt helt fortrengt av de importerte rasene. Seinere p\u00e5 1800-tallet vokste nasjonalromantikken fram, og i husdyrholdet med teorien som p\u00e5 norsk kalles \u201dStedegenhetsl\u00e6ra\u201d. Den gikk ut p\u00e5 at raser ble til innen for et geografisk omr\u00e5de ved at naturen p\u00e5virket deres utvikling og egenskaper. Man mente at de lokale rasene var best tilpasset de omgivelsene de var utviklet i. Denne teorien fikk fotfeste p\u00e5 slutten av 1800-tallet og fram til 1920-\u00e5rene.<\/p>\n","protected":false},"excerpt":{"rendered":"<p>Norske landh\u00f8ns nevnes tidlig i norsk fj\u00e6rfelitteratur. I starten er det ikke i s\u00e6rlig positive ordelag, men kanskje er det fordi at de som skriver heller vil markedsf\u00f8re sine egne importerte h\u00f8nseraser? P\u00e5 g\u00e5rder og tun rundt om i hele landet har de fleste mennesker en flokk med h\u00f8ns. H\u00f8ns hadde lav status som husdyr, [&hellip;]<\/p>\n","protected":false},"author":1,"featured_media":0,"parent":30,"menu_order":0,"comment_status":"closed","ping_status":"closed","template":"","meta":{"footnotes":""},"class_list":["post-115","page","type-page","status-publish","hentry"],"_links":{"self":[{"href":"https:\/\/lovaasgjerstad.no\/jaerhons\/index.php?rest_route=\/wp\/v2\/pages\/115","targetHints":{"allow":["GET"]}}],"collection":[{"href":"https:\/\/lovaasgjerstad.no\/jaerhons\/index.php?rest_route=\/wp\/v2\/pages"}],"about":[{"href":"https:\/\/lovaasgjerstad.no\/jaerhons\/index.php?rest_route=\/wp\/v2\/types\/page"}],"author":[{"embeddable":true,"href":"https:\/\/lovaasgjerstad.no\/jaerhons\/index.php?rest_route=\/wp\/v2\/users\/1"}],"replies":[{"embeddable":true,"href":"https:\/\/lovaasgjerstad.no\/jaerhons\/index.php?rest_route=%2Fwp%2Fv2%2Fcomments&post=115"}],"version-history":[{"count":1,"href":"https:\/\/lovaasgjerstad.no\/jaerhons\/index.php?rest_route=\/wp\/v2\/pages\/115\/revisions"}],"predecessor-version":[{"id":116,"href":"https:\/\/lovaasgjerstad.no\/jaerhons\/index.php?rest_route=\/wp\/v2\/pages\/115\/revisions\/116"}],"up":[{"embeddable":true,"href":"https:\/\/lovaasgjerstad.no\/jaerhons\/index.php?rest_route=\/wp\/v2\/pages\/30"}],"wp:attachment":[{"href":"https:\/\/lovaasgjerstad.no\/jaerhons\/index.php?rest_route=%2Fwp%2Fv2%2Fmedia&parent=115"}],"curies":[{"name":"wp","href":"https:\/\/api.w.org\/{rel}","templated":true}]}}