{"id":117,"date":"2015-05-05T13:08:34","date_gmt":"2015-05-05T13:08:34","guid":{"rendered":"http:\/\/lovaasgjerstad.no\/jaerhons\/?page_id=117"},"modified":"2019-03-02T13:16:37","modified_gmt":"2019-03-02T13:16:37","slug":"norske-landhons-hvordan-sa-de-ut","status":"publish","type":"page","link":"https:\/\/lovaasgjerstad.no\/jaerhons\/?page_id=117","title":{"rendered":"Norske landh\u00f8ns &#8211; hvordan s\u00e5 de ut?"},"content":{"rendered":"<figure id=\"attachment_44\" aria-describedby=\"caption-attachment-44\" style=\"width: 300px\" class=\"wp-caption alignleft\"><img fetchpriority=\"high\" decoding=\"async\" class=\"size-medium wp-image-44\" src=\"http:\/\/lovaasgjerstad.no\/jaerhons\/wp-content\/uploads\/2019\/03\/Landh\u00f8ns_Johan_Teige-300x214.jpg\" alt=\"Norske landh\u00f8ns i \u00d8sterdalen ca. 1900. Foto: Johan Teige\" width=\"300\" height=\"214\" srcset=\"https:\/\/lovaasgjerstad.no\/jaerhons\/wp-content\/uploads\/2019\/03\/Landh\u00f8ns_Johan_Teige-300x214.jpg 300w, https:\/\/lovaasgjerstad.no\/jaerhons\/wp-content\/uploads\/2019\/03\/Landh\u00f8ns_Johan_Teige.jpg 551w\" sizes=\"(max-width: 300px) 100vw, 300px\" \/><figcaption id=\"caption-attachment-44\" class=\"wp-caption-text\">Norske landh\u00f8ns, forografert i \u00d8sterdalen ca. 1900.<br \/>Foto: Johan Teige<\/figcaption><\/figure>\n<p>Det er flere beskrivelser av norske landh\u00f8ns p\u00e5 denne tiden, mange mente at de var p\u00e5virket av innblanding av utenlandske raser i mange distrikter, s\u00e6rlig langs kysten, der sj\u00f8menn hadde hatt med utenlandske raser hjem. De norske landh\u00f8nsene ble ofte beskrevet som sm\u00e5, lette h\u00f8ns, med langstrakt kropp som var noe tilspisset bakover. De la sm\u00e5 hvite eller kremfargete egg p\u00e5 omtrent 50 gram. Noen beskrev at landh\u00f8nsene lignet de \u201dagerh\u00f8nefargede\u201d danske landh\u00f8ns eller brune italienere. De beskrives ogs\u00e5 at de varierte mange steder i landet i farge, fra svart, gr\u00e5stripete, brunspraglet, gul og til hvit.<\/p>\n<figure id=\"attachment_45\" aria-describedby=\"caption-attachment-45\" style=\"width: 300px\" class=\"wp-caption alignright\"><img decoding=\"async\" class=\"size-medium wp-image-45\" src=\"http:\/\/lovaasgjerstad.no\/jaerhons\/wp-content\/uploads\/2019\/03\/Landh\u00f8ns_J\u00e6ren-300x138.jpg\" alt=\"Norske landh\u00f8ns avbildet i Norsk h\u00f8nsebog (1908).\" width=\"300\" height=\"138\" srcset=\"https:\/\/lovaasgjerstad.no\/jaerhons\/wp-content\/uploads\/2019\/03\/Landh\u00f8ns_J\u00e6ren-300x138.jpg 300w, https:\/\/lovaasgjerstad.no\/jaerhons\/wp-content\/uploads\/2019\/03\/Landh\u00f8ns_J\u00e6ren.jpg 551w\" sizes=\"(max-width: 300px) 100vw, 300px\" \/><figcaption id=\"caption-attachment-45\" class=\"wp-caption-text\">Norske landh\u00f8ns avbildet i Norsk h\u00f8nsebog (1908). H\u00f8nene beskrives som stripete og hanen som \u00abagerh\u00f8nefarget\u00bb.<\/figcaption><\/figure>\n<p>Den gr\u00e5 eller gr\u00e5spettete fargen var sv\u00e6rt vanlig p\u00e5 J\u00e6ren (Rogaland) og Lister (Agder). H\u00f8na har liten og opprettst\u00e5ende kam, gule \u00f8yne, sm\u00e5 hakelapper og sm\u00e5 hvite \u00f8reskiver, uten fj\u00e6rdusk p\u00e5 hodet. Halen rett ut tilbake faldene, l\u00f8pene er slanke og fj\u00e6rl\u00f8se, og hvite eller lyse gule, nebbet er hornfarget. Hanen er staut og kraftig med stolt holdning, liten kam, sm\u00e5 hakelapper og sm\u00e5 hvite \u00f8reskiver. Den har gule \u00f8yne, nebbet er m\u00f8rkt hornfarget, fine sprikende t\u00e6r, der kl\u00f8rne har antydning til m\u00f8rk farge. Hanens seilfj\u00e6r skal v\u00e6re store og kraftige.<\/p>\n<figure id=\"attachment_39\" aria-describedby=\"caption-attachment-39\" style=\"width: 256px\" class=\"wp-caption alignleft\"><img decoding=\"async\" class=\"size-medium wp-image-39\" src=\"http:\/\/lovaasgjerstad.no\/jaerhons\/wp-content\/uploads\/2019\/03\/Toppet_landh\u00f8ne-256x300.jpg\" alt=\"Norsk landh\u00f8ne med fj\u00e6rtopp. Foto: T. V\u00f8llstad\" width=\"256\" height=\"300\" srcset=\"https:\/\/lovaasgjerstad.no\/jaerhons\/wp-content\/uploads\/2019\/03\/Toppet_landh\u00f8ne-256x300.jpg 256w, https:\/\/lovaasgjerstad.no\/jaerhons\/wp-content\/uploads\/2019\/03\/Toppet_landh\u00f8ne.jpg 551w\" sizes=\"(max-width: 256px) 100vw, 256px\" \/><figcaption id=\"caption-attachment-39\" class=\"wp-caption-text\">Norsk landh\u00f8ne med fj\u00e6rtopp, fotografert i 1906.<br \/>Foto: T. V\u00f8llstad<\/figcaption><\/figure>\n<p>En annen type \u201dj\u00e6rh\u00f8ns\u201d har l\u00e6rer T. V\u00f8llstad fotografert. Han har beskrevet den som f\u00f8lger; \u201dDe er noget smaa, meget livlige, forsynte med Top og liden dobbelt Kam, graabrun af Farve. N\u00e6rv\u00e6rende Exemplar er udkl\u00e6kket 16\/7 05 af Eg fra Fister i Ryfylke, lagde sit f\u00f8rste Eg Nytaarsdag 1906. I det hele har den i 1906 lagt 183 Eg. Eggene veide ca. 65 Gram. Udover J\u00e6deren kan man af og til i H\u00f8nseflokkene se en og anden Toph\u00f8ne af Farve og Udseende som denne, og disse har jevnlig godt Ry. Jeg er nu 60 Aar gammel, og fra min Barndom og min Hjembygd, Gjessdal, husker jeg denne Slags H\u00f8ner, der kan betragtes som de beste.\u201d Forfatteren Kr. Dyring forteller at han ogs\u00e5 s\u00e5 toppede landh\u00f8ns p\u00e5 \u00d8stlandet p\u00e5 1970-tallet.<\/p>\n<p>At h\u00f8nseavlen p\u00e5 J\u00e6ren var aktiv er kanskje ikke s\u00e5 underlig. J\u00e6ren var p\u00e5 den tiden det omr\u00e5det i landet med st\u00f8rst eggproduksjon, og leverte egg rundt om. J\u00e6ren H\u00f8nseavlsforening var den eneste foreningen som tok tak i avl med de norske landh\u00f8nsene.<\/p>\n","protected":false},"excerpt":{"rendered":"<p>Det er flere beskrivelser av norske landh\u00f8ns p\u00e5 denne tiden, mange mente at de var p\u00e5virket av innblanding av utenlandske raser i mange distrikter, s\u00e6rlig langs kysten, der sj\u00f8menn hadde hatt med utenlandske raser hjem. De norske landh\u00f8nsene ble ofte beskrevet som sm\u00e5, lette h\u00f8ns, med langstrakt kropp som var noe tilspisset bakover. De la [&hellip;]<\/p>\n","protected":false},"author":1,"featured_media":0,"parent":30,"menu_order":0,"comment_status":"closed","ping_status":"closed","template":"","meta":{"footnotes":""},"class_list":["post-117","page","type-page","status-publish","hentry"],"_links":{"self":[{"href":"https:\/\/lovaasgjerstad.no\/jaerhons\/index.php?rest_route=\/wp\/v2\/pages\/117","targetHints":{"allow":["GET"]}}],"collection":[{"href":"https:\/\/lovaasgjerstad.no\/jaerhons\/index.php?rest_route=\/wp\/v2\/pages"}],"about":[{"href":"https:\/\/lovaasgjerstad.no\/jaerhons\/index.php?rest_route=\/wp\/v2\/types\/page"}],"author":[{"embeddable":true,"href":"https:\/\/lovaasgjerstad.no\/jaerhons\/index.php?rest_route=\/wp\/v2\/users\/1"}],"replies":[{"embeddable":true,"href":"https:\/\/lovaasgjerstad.no\/jaerhons\/index.php?rest_route=%2Fwp%2Fv2%2Fcomments&post=117"}],"version-history":[{"count":2,"href":"https:\/\/lovaasgjerstad.no\/jaerhons\/index.php?rest_route=\/wp\/v2\/pages\/117\/revisions"}],"predecessor-version":[{"id":122,"href":"https:\/\/lovaasgjerstad.no\/jaerhons\/index.php?rest_route=\/wp\/v2\/pages\/117\/revisions\/122"}],"up":[{"embeddable":true,"href":"https:\/\/lovaasgjerstad.no\/jaerhons\/index.php?rest_route=\/wp\/v2\/pages\/30"}],"wp:attachment":[{"href":"https:\/\/lovaasgjerstad.no\/jaerhons\/index.php?rest_route=%2Fwp%2Fv2%2Fmedia&parent=117"}],"curies":[{"name":"wp","href":"https:\/\/api.w.org\/{rel}","templated":true}]}}