{"id":119,"date":"2015-05-05T13:13:38","date_gmt":"2015-05-05T13:13:38","guid":{"rendered":"http:\/\/lovaasgjerstad.no\/jaerhons\/?page_id=119"},"modified":"2019-03-02T13:16:20","modified_gmt":"2019-03-02T13:16:20","slug":"norske-landhons-pa-jaeren-begynnelsen-pa-en-rase","status":"publish","type":"page","link":"https:\/\/lovaasgjerstad.no\/jaerhons\/?page_id=119","title":{"rendered":"Norske landh\u00f8ns p\u00e5 J\u00e6ren &#8211; begynnelsen p\u00e5 en rase"},"content":{"rendered":"<p>Om h\u00f8nseholdet p\u00e5 J\u00e6ren i 1906 beskrives det at nesten hver eneste g\u00e5rdbruker og husmann har 6-8 h\u00f8ns, enkelte g\u00e5rdbrukere helt opp til 20-30. Det er hovedsakelig s\u00e5kalte landh\u00f8ns, men det forekommer ogs\u00e5 blandinger, s\u00e6rlig med italiener. Landh\u00f8nene verper godt, enkelte har lagt helt opp til 110 egg i strekk.<\/p>\n<p>H\u00f8nsene g\u00e5r fritt det meste av \u00e5ret, og p\u00e5 sommeren og h\u00f8sten er det mange som slipper \u00e5 gi h\u00f8nsene mat ved siden av det de finner ute selv. Eggene er som oftest sm\u00e5, og i de fleste tilfeller blir eggene byttet med varer fra landhandleren.<\/p>\n<p>Til jul er prisen kr. 1,20 per snes (20 egg), om v\u00e5ren og sommeren kr. 0,50-0,60. En bondekone som hadde holdt regnskap over sine 20 h\u00f8ns, mente at hun satt igjen med et overskudd p\u00e5 kr. 4,00 per h\u00f8ne.<\/p>\n<figure id=\"attachment_46\" aria-describedby=\"caption-attachment-46\" style=\"width: 300px\" class=\"wp-caption alignleft\"><img fetchpriority=\"high\" decoding=\"async\" class=\"size-medium wp-image-46\" src=\"http:\/\/lovaasgjerstad.no\/jaerhons\/wp-content\/uploads\/2019\/03\/Det_f\u00f8rste_kjente_bildet-_av_j\u00e6rh\u00f8ns-300x168.jpg\" alt=\"Det f\u00f8rste kjente foto av \u00abJ\u00e6derh\u00f8ns\u00bb (1906)\" width=\"300\" height=\"168\" srcset=\"https:\/\/lovaasgjerstad.no\/jaerhons\/wp-content\/uploads\/2019\/03\/Det_f\u00f8rste_kjente_bildet-_av_j\u00e6rh\u00f8ns-300x168.jpg 300w, https:\/\/lovaasgjerstad.no\/jaerhons\/wp-content\/uploads\/2019\/03\/Det_f\u00f8rste_kjente_bildet-_av_j\u00e6rh\u00f8ns.jpg 551w\" sizes=\"(max-width: 300px) 100vw, 300px\" \/><figcaption id=\"caption-attachment-46\" class=\"wp-caption-text\">Det f\u00f8rste kjente fotoet der navnet \u00abJ\u00e6derh\u00f8ns\u00bb dukker opp (1906).<\/figcaption><\/figure>\n<p>Hvor viktig h\u00f8nsene var for enkelte kan illustreres i et sitat fra en husmann:<br \/>\n\u201d\u00e6g vil ikje selja h\u00f8nsaa for naagen pris, hadde mei kje hadt h\u00f8nsaa, tenkje \u00e6g me hadde svolte i h\u00e6l\u201d.<\/p>\n<p>I 1906 publiseres det f\u00f8rste bildet av en hane og tre h\u00f8ner under navnet \u201dJ\u00e6derh\u00f8ns\u201d. Ut ifra svart-hvitt fotoet er det lett \u00e5 kjenne igjen fargetegningene p\u00e5 h\u00f8nene, de ser ut som de vi kjenner som j\u00e6rh\u00f8ns i dag. Hanen derimot er annerledes, han har som beskrivelsene for de \u201dagerh\u00f8nefargede\u201d, gyllent hals- og sadlbeheng, m\u00f8rk hale, men brystet er spettete eller tverrstripet.<\/p>\n<p>I 1913 skrives det fra foreningens underavdeling \u201dJ\u00e6derens H\u00f8nseavlsforening\u201d, at avlsstasjonen for j\u00e6rh\u00f8ns enn\u00e5 ikke er kommet i stand. Det skyldes blant annet at Karl Haaland p\u00e5 den tiden, ikke hadde funnet stamdyr han var tilfreds med.<\/p>\n","protected":false},"excerpt":{"rendered":"<p>Om h\u00f8nseholdet p\u00e5 J\u00e6ren i 1906 beskrives det at nesten hver eneste g\u00e5rdbruker og husmann har 6-8 h\u00f8ns, enkelte g\u00e5rdbrukere helt opp til 20-30. Det er hovedsakelig s\u00e5kalte landh\u00f8ns, men det forekommer ogs\u00e5 blandinger, s\u00e6rlig med italiener. Landh\u00f8nene verper godt, enkelte har lagt helt opp til 110 egg i strekk. H\u00f8nsene g\u00e5r fritt det meste [&hellip;]<\/p>\n","protected":false},"author":1,"featured_media":0,"parent":30,"menu_order":0,"comment_status":"closed","ping_status":"closed","template":"","meta":{"footnotes":""},"class_list":["post-119","page","type-page","status-publish","hentry"],"_links":{"self":[{"href":"https:\/\/lovaasgjerstad.no\/jaerhons\/index.php?rest_route=\/wp\/v2\/pages\/119","targetHints":{"allow":["GET"]}}],"collection":[{"href":"https:\/\/lovaasgjerstad.no\/jaerhons\/index.php?rest_route=\/wp\/v2\/pages"}],"about":[{"href":"https:\/\/lovaasgjerstad.no\/jaerhons\/index.php?rest_route=\/wp\/v2\/types\/page"}],"author":[{"embeddable":true,"href":"https:\/\/lovaasgjerstad.no\/jaerhons\/index.php?rest_route=\/wp\/v2\/users\/1"}],"replies":[{"embeddable":true,"href":"https:\/\/lovaasgjerstad.no\/jaerhons\/index.php?rest_route=%2Fwp%2Fv2%2Fcomments&post=119"}],"version-history":[{"count":2,"href":"https:\/\/lovaasgjerstad.no\/jaerhons\/index.php?rest_route=\/wp\/v2\/pages\/119\/revisions"}],"predecessor-version":[{"id":121,"href":"https:\/\/lovaasgjerstad.no\/jaerhons\/index.php?rest_route=\/wp\/v2\/pages\/119\/revisions\/121"}],"up":[{"embeddable":true,"href":"https:\/\/lovaasgjerstad.no\/jaerhons\/index.php?rest_route=\/wp\/v2\/pages\/30"}],"wp:attachment":[{"href":"https:\/\/lovaasgjerstad.no\/jaerhons\/index.php?rest_route=%2Fwp%2Fv2%2Fmedia&parent=119"}],"curies":[{"name":"wp","href":"https:\/\/api.w.org\/{rel}","templated":true}]}}