{"id":123,"date":"2015-05-05T13:17:23","date_gmt":"2015-05-05T13:17:23","guid":{"rendered":"http:\/\/lovaasgjerstad.no\/jaerhons\/?page_id=123"},"modified":"2019-03-02T13:21:01","modified_gmt":"2019-03-02T13:21:01","slug":"jubileumsutstillingen-1914-den-storste-samling-landhons-hittil","status":"publish","type":"page","link":"https:\/\/lovaasgjerstad.no\/jaerhons\/?page_id=123","title":{"rendered":"Jubileumsutstillingen 1914 &#8211; den st\u00f8rste samling landh\u00f8ns hittil"},"content":{"rendered":"<figure id=\"attachment_38\" aria-describedby=\"caption-attachment-38\" style=\"width: 300px\" class=\"wp-caption alignright\"><img fetchpriority=\"high\" decoding=\"async\" class=\"size-medium wp-image-38\" src=\"http:\/\/lovaasgjerstad.no\/jaerhons\/wp-content\/uploads\/2019\/03\/Standardtegning_1938-300x173.jpg\" alt=\"Standardtegning av j\u00e6rh\u00f8ns. Norsk h\u00f8nsebok 1938.\" width=\"300\" height=\"173\" srcset=\"https:\/\/lovaasgjerstad.no\/jaerhons\/wp-content\/uploads\/2019\/03\/Standardtegning_1938-300x173.jpg 300w, https:\/\/lovaasgjerstad.no\/jaerhons\/wp-content\/uploads\/2019\/03\/Standardtegning_1938.jpg 551w\" sizes=\"(max-width: 300px) 100vw, 300px\" \/><figcaption id=\"caption-attachment-38\" class=\"wp-caption-text\">Standardtegning av j\u00e6rh\u00f8ns.<br \/>Norsk h\u00f8nsebok 1938.<\/figcaption><\/figure>\n<p>Under jubileumsutstillingen i Kristiania i 1914 (\u201dtil Minde om vor Friheds F\u00f8dsel i 1814\u201d), stilles Norsk Landh\u00f8ns ut som egen rase, p\u00e5 lik linje og i samme gruppe som italienske, spanske, tyske, franske og belgiske raser.<\/p>\n<p>\u00d8verst i premielisten etter jubileumsutstillingen st\u00e5r det, Norske Landh\u00f8ns (J\u00e6derh\u00f8ns). Tredje premie:<br \/>\nSadelmaker Abr. Tjensvold, Aalgaard pr. Sandnes (1.2)<br \/>\nForretningsf\u00f8rer Hans Lima, Sandnes (1.2).<br \/>\nHedrende omtale:<br \/>\nG\u00e5rdbruker Karl Haaland, Hognestad, J\u00e6deren (1.2)<br \/>\nG\u00e5rdbruker Andr. G\u00f8nnern, Skiptvedt (1.2).<br \/>\nOpmuntringspremie:<br \/>\nG\u00e5rdbruker Karl Haaland, Hognestad, J\u00e6deren ( 5 kyllinger)<br \/>\nSadelmaker Abr. Tjensvold, Aalgaard pr. Sandnes (5 kyllinger).<\/p>\n<p>Dette sies \u00e5 v\u00e6re til da, den st\u00f8rste samling utstilt av Norske Landh\u00f8ns. Det ble utstilt b\u00e5de landh\u00f8ns b\u00e5de med topp og lite utviklet kam, og de som hadde enkeltkam. Det gir et unikt innblikk i v\u00e5re landh\u00f8ns ved denne utstillingen, de ulike stammene som er utstilt beskrives inng\u00e5ende:<\/p>\n<p>Nr. 1704, tilh\u00f8rende Abr. Tjensvold, Klepp St. J\u00e6deren.<br \/>\nDisse er av typen som omtales som J\u00e6derh\u00f8ns, med enkelt kam.<br \/>\nHanen har gult nebb med m\u00f8rk hornfarge p\u00e5 oversiden, enkeltkam, hvite \u00f8reskiver, r\u00f8de \u00f8yne, gullgyllent halsbeheng, purpurr\u00f8de skuldre, som g\u00e5r over i gull-gult lysere bryst med enkelte sorte stenk eller fj\u00e6rspisser. Halen er gr\u00e5 i sort overg\u00e5ende fj\u00e6r, ogs\u00e5 seilfj\u00e6rene har disse fargene. Lyse eller gulaktige bein, fire t\u00e6r.<br \/>\nH\u00f8nene er spettet med lysegr\u00e5 grunnfarge, lyst nebb, hvite \u00f8reskiver og r\u00f8dt ansikt. Det er hvitt i vingefj\u00e6rene. Fj\u00e6rfargen er noe uensartet, hos den ene er halsbehenget lysegult, hos den andre sortspettet i gr\u00e5-gult. Eggene veier ca. 55 g.<\/p>\n<p>Nr. 1705, tilh\u00f8rende Hans Lima, Sandnes.<br \/>\nDisse beskrives \u00e5 tilh\u00f8re den andre typen, og var en spesialitet han hadde arbeidet med siden 1904. De hadde en liten gr\u00e5 topp, kroppsst\u00f8rrelsen var som hos de andre. Fargen var helt gul med rolig gult i halsbeheng.<br \/>\nHanen var r\u00f8dgyllen i b\u00e5de hals- og sadlbeheng. Halen var m\u00f8rkere og beskrives som ekornhale. Brystet var bredt og helt r\u00f8dbrunt. Vingefj\u00e6rene var isprengt med hvitt. Beinfargen var bl\u00e5.<\/p>\n<p>Nr. 1707, tilh\u00f8rende Andreas Gr\u00f8nnern, Karlsrud, Skiptvedt.<br \/>\nDisse var mindre enn de som er beskrevet for nr. 1705, beinfargen var her lysere, men ikke lysegule som hos nr. 1702 og 1704.<br \/>\nTjensvold stilte ogs\u00e5 \u00e5tte kyllinger som var ca. 10 uker gamle etter foreldredyrene nr. 1704, disse beskrives som typiske og av god avstamning.<\/p>\n<p>Ogs\u00e5 Karl Haaland stilte \u00e5tte kyllinger fra sin stamme, disse beskrives som ensartede og jevne.<\/p>\n","protected":false},"excerpt":{"rendered":"<p>Under jubileumsutstillingen i Kristiania i 1914 (\u201dtil Minde om vor Friheds F\u00f8dsel i 1814\u201d), stilles Norsk Landh\u00f8ns ut som egen rase, p\u00e5 lik linje og i samme gruppe som italienske, spanske, tyske, franske og belgiske raser. \u00d8verst i premielisten etter jubileumsutstillingen st\u00e5r det, Norske Landh\u00f8ns (J\u00e6derh\u00f8ns). Tredje premie: Sadelmaker Abr. Tjensvold, Aalgaard pr. Sandnes (1.2) [&hellip;]<\/p>\n","protected":false},"author":1,"featured_media":0,"parent":30,"menu_order":0,"comment_status":"closed","ping_status":"closed","template":"","meta":{"footnotes":""},"class_list":["post-123","page","type-page","status-publish","hentry"],"_links":{"self":[{"href":"https:\/\/lovaasgjerstad.no\/jaerhons\/index.php?rest_route=\/wp\/v2\/pages\/123","targetHints":{"allow":["GET"]}}],"collection":[{"href":"https:\/\/lovaasgjerstad.no\/jaerhons\/index.php?rest_route=\/wp\/v2\/pages"}],"about":[{"href":"https:\/\/lovaasgjerstad.no\/jaerhons\/index.php?rest_route=\/wp\/v2\/types\/page"}],"author":[{"embeddable":true,"href":"https:\/\/lovaasgjerstad.no\/jaerhons\/index.php?rest_route=\/wp\/v2\/users\/1"}],"replies":[{"embeddable":true,"href":"https:\/\/lovaasgjerstad.no\/jaerhons\/index.php?rest_route=%2Fwp%2Fv2%2Fcomments&post=123"}],"version-history":[{"count":1,"href":"https:\/\/lovaasgjerstad.no\/jaerhons\/index.php?rest_route=\/wp\/v2\/pages\/123\/revisions"}],"predecessor-version":[{"id":124,"href":"https:\/\/lovaasgjerstad.no\/jaerhons\/index.php?rest_route=\/wp\/v2\/pages\/123\/revisions\/124"}],"up":[{"embeddable":true,"href":"https:\/\/lovaasgjerstad.no\/jaerhons\/index.php?rest_route=\/wp\/v2\/pages\/30"}],"wp:attachment":[{"href":"https:\/\/lovaasgjerstad.no\/jaerhons\/index.php?rest_route=%2Fwp%2Fv2%2Fmedia&parent=123"}],"curies":[{"name":"wp","href":"https:\/\/api.w.org\/{rel}","templated":true}]}}