{"id":134,"date":"2015-05-05T13:33:35","date_gmt":"2015-05-05T13:33:35","guid":{"rendered":"http:\/\/lovaasgjerstad.no\/jaerhons\/?page_id=134"},"modified":"2019-03-02T13:36:53","modified_gmt":"2019-03-02T13:36:53","slug":"jaerhons-eller-norske-landhons","status":"publish","type":"page","link":"https:\/\/lovaasgjerstad.no\/jaerhons\/?page_id=134","title":{"rendered":"J\u00e6rh\u00f8ns &#8211; eller norske landh\u00f8ns?"},"content":{"rendered":"<figure id=\"attachment_59\" aria-describedby=\"caption-attachment-59\" style=\"width: 300px\" class=\"wp-caption alignleft\"><img fetchpriority=\"high\" decoding=\"async\" class=\"size-medium wp-image-59\" src=\"http:\/\/lovaasgjerstad.no\/jaerhons\/wp-content\/uploads\/2019\/03\/J\u00e6rensh\u00f8nseavlsforening-300x200.jpg\" alt=\"J\u00e6rens H\u00f8nseavlsforening. Arkiv: Norges Milj\u00f8- og Biovitenskaplige Universitet, Institutt for Husdyr- og Akvakulturvitenskap.\" width=\"300\" height=\"200\" srcset=\"https:\/\/lovaasgjerstad.no\/jaerhons\/wp-content\/uploads\/2019\/03\/J\u00e6rensh\u00f8nseavlsforening-300x200.jpg 300w, https:\/\/lovaasgjerstad.no\/jaerhons\/wp-content\/uploads\/2019\/03\/J\u00e6rensh\u00f8nseavlsforening.jpg 551w\" sizes=\"(max-width: 300px) 100vw, 300px\" \/><figcaption id=\"caption-attachment-59\" class=\"wp-caption-text\">J\u00e6rens H\u00f8nseavlsforening.<br \/>Arkiv: Norges Milj\u00f8- og Biovitenskaplige Universitet, Institutt for Husdyr- og Akvakulturvitenskap.<\/figcaption><\/figure>\n<p>I 1916 etableres kontrollavlsstasjonen for j\u00e6rh\u00f8ns, etter forslag fra statskonsulent Kvadsheim. Det var J\u00e6derens h\u00f8nseavlsforening og Stavanger amts landhusholdningsselskap som startet dette arbeidet. Men hvorfor gj\u00f8r vi ikke som de andre skandinaviske landene og kaller rasen, norske landh\u00f8ns? Mest sannsynlig er svaret at navnet j\u00e6rh\u00f8ns, allerede var innarbeidet for den ensartede stammen landh\u00f8ns p\u00e5 J\u00e6ren.<\/p>\n<p>Karl Haaland p\u00e5 Hognestad p\u00e5 J\u00e6ren, var stasjonens f\u00f8rste vert. Han hadde lenge v\u00e6rt en engasjert oppdretter av j\u00e6rh\u00f8ns, og var blant utstillerne p\u00e5 jubileumsutstillingen i Kristiania i 1914. Avlsmaterialet som ble kj\u00f8pt inn til kontrollavlsstasjonen kom blant annet fra han. Hans stamme kom opprinnelig fra Inger Lisabeth Bru i Ogna. Bru hadde f\u00f8r etableringen av avlsstasjonen oppdrettet j\u00e6rh\u00f8ns i ca. 30 \u00e5r, uten innblanding. Hun hadde hele tiden gjort utvalg etter h\u00f8ns hun mente var gode verpere.<\/p>\n<p>Kvadsheim beskriver j\u00e6rh\u00f8nsene p\u00e5 den tiden, som sv\u00e6rt varierte i farge, fra gr\u00e5tavlete, brunspraglete, gule og til helt svarte. Enkelte dyr hadde ogs\u00e5 fj\u00e6rtopp p\u00e5 hodet. Styret la liten vekt p\u00e5 farge, men stor vekt p\u00e5 egglegging. For \u00e5 m\u00f8te p\u00e5 utstillinger ble det etter hvert stilt krav til en standard og man valgte de gr\u00e5tavlete (gr\u00e5stripete) av type. Siden svart som er grunnfargen her, er en dominant farge, s\u00e5 spaltet det ut fargetyper som var brunspraglete, m\u00f8rk gr\u00e5spraglete, gule og svarte. For \u00e5 fors\u00f8ke \u00e5 f\u00e5 en mer bestemt fargetype ble det valgt haner som var lyse gr\u00e5tavlete til nesten hvite. Det var i starten av kontrollavlsstasjonens tid fortsatt enkelte dyr p\u00e5 stasjonen med fj\u00e6rtopp, men p\u00e5 1940-tallet var disse borte. I begynnelsen var det ogs\u00e5 enkelte h\u00f8ner som la egg med svakt brunfargete eggeskall, men ogs\u00e5 denne egenskapen ble avlet bort.<\/p>\n<p>Kontrollavlsstasjonen ble etter kort tid flyttet til Hans Lima i Sandnes, som hadde den fram til og med 1933. Avlsstasjonen for rasen hadde flere verter, og har flyttet flere ganger i sin historie, men alltid hjemmeh\u00f8rende p\u00e5 J\u00e6ren. Det ble gjort forskning p\u00e5 rasen, og de avlsmessige egenskapene forbedret seg fra starten.<\/p>\n<p>I et utdrag fra beretningen om kontrollavlsstasjonenes drift i 1924, f\u00e5r vi et innblikk i j\u00e6rh\u00f8nas produksjon.<\/p>\n\n<table id=\"tablepress-1\" class=\"tablepress tablepress-id-1\">\n<thead>\n<tr class=\"row-1\">\n\t<th class=\"column-1\">Rase<\/th><th class=\"column-2\">Alder<\/th><th class=\"column-3\">Antall egg<\/th><th class=\"column-4\">Eggevekt<\/th>\n<\/tr>\n<\/thead>\n<tbody class=\"row-striping row-hover\">\n<tr class=\"row-2\">\n\t<td class=\"column-1\">J\u00e6rh\u00f8ns<\/td><td class=\"column-2\">1 \u00e5r<\/td><td class=\"column-3\">176<\/td><td class=\"column-4\">52,3 g<\/td>\n<\/tr>\n<tr class=\"row-3\">\n\t<td class=\"column-1\">J\u00e6rh\u00f8ns<\/td><td class=\"column-2\">2 \u00e5r<\/td><td class=\"column-3\">141<\/td><td class=\"column-4\">56,7 g<\/td>\n<\/tr>\n<tr class=\"row-4\">\n\t<td class=\"column-1\">J\u00e6rh\u00f8ns<\/td><td class=\"column-2\">3 \u00e5r<\/td><td class=\"column-3\">109<\/td><td class=\"column-4\">60,6 g<\/td>\n<\/tr>\n<tr class=\"row-5\">\n\t<td class=\"column-1\">Italiener, hvit<\/td><td class=\"column-2\">1 \u00e5r<\/td><td class=\"column-3\">175<\/td><td class=\"column-4\">60,6 g<\/td>\n<\/tr>\n<tr class=\"row-6\">\n\t<td class=\"column-1\">Italiener, hvit<\/td><td class=\"column-2\">2 \u00e5r<\/td><td class=\"column-3\">130<\/td><td class=\"column-4\">63,8 g<\/td>\n<\/tr>\n<tr class=\"row-7\">\n\t<td class=\"column-1\">Italiener, hvit<\/td><td class=\"column-2\">3 \u00e5r<\/td><td class=\"column-3\">113<\/td><td class=\"column-4\">66,4 g<\/td>\n<\/tr>\n<\/tbody>\n<\/table>\n<!-- #tablepress-1 from cache -->\n<p>Dette viser at J\u00e6rh\u00f8ns p\u00e5 den tiden verpet godt i konkurranse med italienere, men at eggene var mindre.<\/p>\n<p>I 1973 ble avlsstasjonen for j\u00e6rh\u00f8ns nedlagt, siden det ikke lenger var \u00f8konomisk forsvarlig \u00e5 drifte avlsarbeidet med hensyn til salg av verpeh\u00f8ns. Dyrematerialet ble overf\u00f8rt til Hvam videreg\u00e5ende skole p\u00e5 Nes i Akershus, her er Genbanken for fj\u00f8rfe fortsatt. Genbanken har som oppgave \u00e5 bevare rasen som i dag regnes som utryddingstruet.<\/p>\n<p>Norsk genressurssenter p\u00e5 \u00c5s er et nasjonalt senter som er ansvarlig for bevaring av alle de bevaringsverdige husdyrrasene for framtida. Senteret bist\u00e5r med kompetanse p\u00e5 avl i sm\u00e5 populasjoner og bevilger penger til bevaringstiltak. Du kan lese mer p\u00e5\u00a0<a href=\"http:\/\/www.genressurser.no\/\">www.genressurser.no<\/a>.<\/p>\n","protected":false},"excerpt":{"rendered":"<p>I 1916 etableres kontrollavlsstasjonen for j\u00e6rh\u00f8ns, etter forslag fra statskonsulent Kvadsheim. Det var J\u00e6derens h\u00f8nseavlsforening og Stavanger amts landhusholdningsselskap som startet dette arbeidet. Men hvorfor gj\u00f8r vi ikke som de andre skandinaviske landene og kaller rasen, norske landh\u00f8ns? Mest sannsynlig er svaret at navnet j\u00e6rh\u00f8ns, allerede var innarbeidet for den ensartede stammen landh\u00f8ns p\u00e5 J\u00e6ren. [&hellip;]<\/p>\n","protected":false},"author":1,"featured_media":0,"parent":30,"menu_order":0,"comment_status":"closed","ping_status":"closed","template":"","meta":{"footnotes":""},"class_list":["post-134","page","type-page","status-publish","hentry"],"_links":{"self":[{"href":"https:\/\/lovaasgjerstad.no\/jaerhons\/index.php?rest_route=\/wp\/v2\/pages\/134","targetHints":{"allow":["GET"]}}],"collection":[{"href":"https:\/\/lovaasgjerstad.no\/jaerhons\/index.php?rest_route=\/wp\/v2\/pages"}],"about":[{"href":"https:\/\/lovaasgjerstad.no\/jaerhons\/index.php?rest_route=\/wp\/v2\/types\/page"}],"author":[{"embeddable":true,"href":"https:\/\/lovaasgjerstad.no\/jaerhons\/index.php?rest_route=\/wp\/v2\/users\/1"}],"replies":[{"embeddable":true,"href":"https:\/\/lovaasgjerstad.no\/jaerhons\/index.php?rest_route=%2Fwp%2Fv2%2Fcomments&post=134"}],"version-history":[{"count":1,"href":"https:\/\/lovaasgjerstad.no\/jaerhons\/index.php?rest_route=\/wp\/v2\/pages\/134\/revisions"}],"predecessor-version":[{"id":135,"href":"https:\/\/lovaasgjerstad.no\/jaerhons\/index.php?rest_route=\/wp\/v2\/pages\/134\/revisions\/135"}],"up":[{"embeddable":true,"href":"https:\/\/lovaasgjerstad.no\/jaerhons\/index.php?rest_route=\/wp\/v2\/pages\/30"}],"wp:attachment":[{"href":"https:\/\/lovaasgjerstad.no\/jaerhons\/index.php?rest_route=%2Fwp%2Fv2%2Fmedia&parent=134"}],"curies":[{"name":"wp","href":"https:\/\/api.w.org\/{rel}","templated":true}]}}