{"id":144,"date":"2015-05-05T14:06:35","date_gmt":"2015-05-05T14:06:35","guid":{"rendered":"http:\/\/lovaasgjerstad.no\/jaerhons\/?page_id=144"},"modified":"2019-03-02T14:09:46","modified_gmt":"2019-03-02T14:09:46","slug":"jaerhons-i-dag-hvem-har-ansvar-for-at-de-lever-videre","status":"publish","type":"page","link":"https:\/\/lovaasgjerstad.no\/jaerhons\/?page_id=144","title":{"rendered":"J\u00e6rh\u00f8ns i dag &#8211; Hvem har ansvar for at de lever videre?"},"content":{"rendered":"<figure id=\"attachment_60\" aria-describedby=\"caption-attachment-60\" style=\"width: 300px\" class=\"wp-caption alignleft\"><img fetchpriority=\"high\" decoding=\"async\" class=\"size-medium wp-image-60\" src=\"http:\/\/lovaasgjerstad.no\/jaerhons\/wp-content\/uploads\/2019\/03\/J\u00e6rh\u00f8ns_1-300x200.jpg\" alt=\"J\u00e6rh\u00f8ns i h\u00f8nseg\u00e5rden. Foto: J. L. Gjerstad\" width=\"300\" height=\"200\" srcset=\"https:\/\/lovaasgjerstad.no\/jaerhons\/wp-content\/uploads\/2019\/03\/J\u00e6rh\u00f8ns_1-300x200.jpg 300w, https:\/\/lovaasgjerstad.no\/jaerhons\/wp-content\/uploads\/2019\/03\/J\u00e6rh\u00f8ns_1-768x512.jpg 768w, https:\/\/lovaasgjerstad.no\/jaerhons\/wp-content\/uploads\/2019\/03\/J\u00e6rh\u00f8ns_1-1024x683.jpg 1024w\" sizes=\"(max-width: 300px) 100vw, 300px\" \/><figcaption id=\"caption-attachment-60\" class=\"wp-caption-text\">J\u00e6rh\u00f8ns i h\u00f8nseg\u00e5rden.<br \/>Foto: J. L. Gjerstad<\/figcaption><\/figure>\n<p>Det nasjonale ansvaret for bevaring av de norske husdyrrasene ligger hos Norsk genressurssenter. De er b\u00e5de r\u00e5dgivende for husdyreieren og for Landbruksdepartementet. I tillegg bevilger de penger til tiltak p\u00e5 vegne av departementet. Senteret ligger p\u00e5 \u00c5s, og er en del av Norsk institutt for skog og landskap.<\/p>\n<p><a href=\"http:\/\/www.hvam.vgs.no\/skolens-tjenester-og-bedrifter\/honsehuset\/\" target=\"_blank\" rel=\"noopener noreferrer\">Genbanken for fj\u00f8rfe<\/a>\u00a0ble opprettet i 1973 etter at den siste avlsstasjonen for j\u00e6rh\u00f8ns ble nedlagt. Genbanken befinner seg p\u00e5 Hvam videreg\u00e5ende skole i Nes i Akershus. Her var det for avlssesongen 2014\/15 59 haner og 350 h\u00f8ner av j\u00e6rh\u00f8ns i avl. Dette er landets st\u00f8rste besetning av rasen. I tillegg til j\u00e6rh\u00f8ns har Genbanken andre raser\/linjer som har lang tradisjon i Norge. Disse er; brun italiener, hvit italiener (de gamle verpelinjene), sussex, plymouth rock, minorka, rhode island red (RIR) og linjer av de gamle bruneggverperne. I senere tid har Genbanken ogs\u00e5 f\u00e5tt noen stammer av islandsh\u00f8ns, som er en islandsk ustandardisert rase. Genbanken selger rugeegg, kyllinger og h\u00f8ns.<\/p>\n<p><a href=\"http:\/\/nrff.no\/\" target=\"_blank\" rel=\"noopener noreferrer\">Norsk Rasefj\u00e6rfeforbunds<\/a>\u00a0j\u00e6rh\u00f8nsoppdrettere er den viktigste sikringen av rasen for framtida. Norske Rasefj\u00e6rfeforbund ble stiftet i 1978, og samler oppdrettere og andre hobbyfj\u00e6rfeinteresserte. Forbundet arrangerer \u00e5rlig landsutstilling for rasefj\u00e6rfe. Her er j\u00e6rh\u00f8ns og dverg j\u00e6rh\u00f8ns viktige innslag, sammen med blant annet sm\u00e5lensg\u00e5s og hvit norsk g\u00e5s. Utstillingsmilj\u00f8et er viktig for \u00e5 opprettholde at deler av populasjonen bevarer rasetrekkene, samt at det er viktig arene for \u00e5 markedsf\u00f8re rasen til nye j\u00e6rh\u00f8nseiere. Forbundet samarbeider med Norsk genressurssenter om bevaring av de tre norske fj\u00e6rferasene.<\/p>\n<p>Norsk Rasefj\u00e6rfeforbund har lokalklubber spredt over hele landet, som arrangerer medlemsaktiviteter som markeder, lokalutstillinger og medlemsm\u00f8ter. Det er ogs\u00e5 en egen raseklubb for rasen, Spesialklubben for Norske J\u00e6rh\u00f8ns.<\/p>\n<p>Forbundet gir ut fj\u00e6rfetidsskriftet \u201dHobbyfj\u00e6rfe\u201d seks ganger \u00e5rlig. Du kan lese mer om Norsk Rasefj\u00e6rfeforbund p\u00e5\u00a0<a href=\"http:\/\/www.nrff.no\/\">www.nrff.no<\/a>.<\/p>\n<figure id=\"attachment_57\" aria-describedby=\"caption-attachment-57\" style=\"width: 300px\" class=\"wp-caption alignleft\"><img decoding=\"async\" class=\"size-medium wp-image-57\" src=\"http:\/\/lovaasgjerstad.no\/jaerhons\/wp-content\/uploads\/2019\/03\/HjemmesideB-300x201.jpg\" alt=\"Kj\u00f8nnsvisende kyllinger av j\u00e6rh\u00f8ns. Foto: J. L. Gjerstad\" width=\"300\" height=\"201\" srcset=\"https:\/\/lovaasgjerstad.no\/jaerhons\/wp-content\/uploads\/2019\/03\/HjemmesideB-300x201.jpg 300w, https:\/\/lovaasgjerstad.no\/jaerhons\/wp-content\/uploads\/2019\/03\/HjemmesideB-768x516.jpg 768w, https:\/\/lovaasgjerstad.no\/jaerhons\/wp-content\/uploads\/2019\/03\/HjemmesideB-1024x687.jpg 1024w, https:\/\/lovaasgjerstad.no\/jaerhons\/wp-content\/uploads\/2019\/03\/HjemmesideB.jpg 1819w\" sizes=\"(max-width: 300px) 100vw, 300px\" \/><figcaption id=\"caption-attachment-57\" class=\"wp-caption-text\">Kj\u00f8nnsvisende kyllinger av j\u00e6rh\u00f8ns.<br \/>Foto: J. L. Gjerstad<\/figcaption><\/figure>\n<p>FNs landbruks- og mat-organ, FAO fastsl\u00e5r at en fj\u00e6rferase er utryddingstruet n\u00e5r antallet avlshunndyr er under 1000. Det betyr at med det antallet j\u00e6rh\u00f8ns vi har i dag er det usikkert om rasen vil leve videre i framtiden. Derfor er det viktig at flere velger \u00e5 ha den eneste norske rasen, n\u00e5r de velger seg en h\u00f8nserase til \u00e5 forsyne familien med egg og gi liv til hagen sin.<\/p>\n<p>I dag er all kommersielt fj\u00e6rfeavl i Norge nedlagt, som f\u00f8lge av E\u00d8S-avtalen i 1994. Bevaring av j\u00e6rh\u00f8nsenes gener kan ha betydning for oss i framtida. I dag er kulturhistorie hovedmotivet for bevaring.<\/p>\n","protected":false},"excerpt":{"rendered":"<p>Det nasjonale ansvaret for bevaring av de norske husdyrrasene ligger hos Norsk genressurssenter. De er b\u00e5de r\u00e5dgivende for husdyreieren og for Landbruksdepartementet. I tillegg bevilger de penger til tiltak p\u00e5 vegne av departementet. Senteret ligger p\u00e5 \u00c5s, og er en del av Norsk institutt for skog og landskap. Genbanken for fj\u00f8rfe\u00a0ble opprettet i 1973 etter [&hellip;]<\/p>\n","protected":false},"author":1,"featured_media":0,"parent":30,"menu_order":0,"comment_status":"closed","ping_status":"closed","template":"","meta":{"footnotes":""},"class_list":["post-144","page","type-page","status-publish","hentry"],"_links":{"self":[{"href":"https:\/\/lovaasgjerstad.no\/jaerhons\/index.php?rest_route=\/wp\/v2\/pages\/144","targetHints":{"allow":["GET"]}}],"collection":[{"href":"https:\/\/lovaasgjerstad.no\/jaerhons\/index.php?rest_route=\/wp\/v2\/pages"}],"about":[{"href":"https:\/\/lovaasgjerstad.no\/jaerhons\/index.php?rest_route=\/wp\/v2\/types\/page"}],"author":[{"embeddable":true,"href":"https:\/\/lovaasgjerstad.no\/jaerhons\/index.php?rest_route=\/wp\/v2\/users\/1"}],"replies":[{"embeddable":true,"href":"https:\/\/lovaasgjerstad.no\/jaerhons\/index.php?rest_route=%2Fwp%2Fv2%2Fcomments&post=144"}],"version-history":[{"count":1,"href":"https:\/\/lovaasgjerstad.no\/jaerhons\/index.php?rest_route=\/wp\/v2\/pages\/144\/revisions"}],"predecessor-version":[{"id":145,"href":"https:\/\/lovaasgjerstad.no\/jaerhons\/index.php?rest_route=\/wp\/v2\/pages\/144\/revisions\/145"}],"up":[{"embeddable":true,"href":"https:\/\/lovaasgjerstad.no\/jaerhons\/index.php?rest_route=\/wp\/v2\/pages\/30"}],"wp:attachment":[{"href":"https:\/\/lovaasgjerstad.no\/jaerhons\/index.php?rest_route=%2Fwp%2Fv2%2Fmedia&parent=144"}],"curies":[{"name":"wp","href":"https:\/\/api.w.org\/{rel}","templated":true}]}}