{"id":146,"date":"2015-05-05T14:09:51","date_gmt":"2015-05-05T14:09:51","guid":{"rendered":"http:\/\/lovaasgjerstad.no\/jaerhons\/?page_id=146"},"modified":"2019-03-02T14:21:57","modified_gmt":"2019-03-02T14:21:57","slug":"jaerhons-etablering-av-dagens-fargevarianter","status":"publish","type":"page","link":"https:\/\/lovaasgjerstad.no\/jaerhons\/?page_id=146","title":{"rendered":"J\u00e6rh\u00f8ns &#8211; etablering av dagens fargevarianter"},"content":{"rendered":"<p>De ulike fargevariantene ble beskrevet som f\u00f8lger:<\/p>\n<h2>Svart tverrstripet:<\/h2>\n<figure id=\"attachment_69\" aria-describedby=\"caption-attachment-69\" style=\"width: 300px\" class=\"wp-caption alignright\"><img fetchpriority=\"high\" decoding=\"async\" class=\"size-medium wp-image-69\" src=\"http:\/\/lovaasgjerstad.no\/jaerhons\/wp-content\/uploads\/2019\/03\/j\u00e6rh\u00f8ns_j\u00e6rh\u00f8ne_nr440_svart-tverrstripet_j\u00e6rh\u00f8ns_012-300x193.jpg\" alt=\"\" width=\"300\" height=\"193\" srcset=\"https:\/\/lovaasgjerstad.no\/jaerhons\/wp-content\/uploads\/2019\/03\/j\u00e6rh\u00f8ns_j\u00e6rh\u00f8ne_nr440_svart-tverrstripet_j\u00e6rh\u00f8ns_012-300x193.jpg 300w, https:\/\/lovaasgjerstad.no\/jaerhons\/wp-content\/uploads\/2019\/03\/j\u00e6rh\u00f8ns_j\u00e6rh\u00f8ne_nr440_svart-tverrstripet_j\u00e6rh\u00f8ns_012-768x494.jpg 768w, https:\/\/lovaasgjerstad.no\/jaerhons\/wp-content\/uploads\/2019\/03\/j\u00e6rh\u00f8ns_j\u00e6rh\u00f8ne_nr440_svart-tverrstripet_j\u00e6rh\u00f8ns_012-1024x658.jpg 1024w, https:\/\/lovaasgjerstad.no\/jaerhons\/wp-content\/uploads\/2019\/03\/j\u00e6rh\u00f8ns_j\u00e6rh\u00f8ne_nr440_svart-tverrstripet_j\u00e6rh\u00f8ns_012.jpg 1825w\" sizes=\"(max-width: 300px) 100vw, 300px\" \/><figcaption id=\"caption-attachment-69\" class=\"wp-caption-text\">J\u00e6rh\u00f8ne nr 440, svart tverrstripet.<\/figcaption><\/figure>\n<figure id=\"attachment_62\" aria-describedby=\"caption-attachment-62\" style=\"width: 300px\" class=\"wp-caption alignright\"><img decoding=\"async\" class=\"size-medium wp-image-62\" src=\"http:\/\/lovaasgjerstad.no\/jaerhons\/wp-content\/uploads\/2019\/03\/j\u00e6rh\u00f8ns_j\u00e6rhane_nr444_svart-tverrstripet_j\u00e6rh\u00f8ns_010_1-300x188.jpg\" alt=\"J\u00e6rhane nr 444, svart tverrstripet\" width=\"300\" height=\"188\" srcset=\"https:\/\/lovaasgjerstad.no\/jaerhons\/wp-content\/uploads\/2019\/03\/j\u00e6rh\u00f8ns_j\u00e6rhane_nr444_svart-tverrstripet_j\u00e6rh\u00f8ns_010_1-300x188.jpg 300w, https:\/\/lovaasgjerstad.no\/jaerhons\/wp-content\/uploads\/2019\/03\/j\u00e6rh\u00f8ns_j\u00e6rhane_nr444_svart-tverrstripet_j\u00e6rh\u00f8ns_010_1-768x480.jpg 768w, https:\/\/lovaasgjerstad.no\/jaerhons\/wp-content\/uploads\/2019\/03\/j\u00e6rh\u00f8ns_j\u00e6rhane_nr444_svart-tverrstripet_j\u00e6rh\u00f8ns_010_1-1024x641.jpg 1024w, https:\/\/lovaasgjerstad.no\/jaerhons\/wp-content\/uploads\/2019\/03\/j\u00e6rh\u00f8ns_j\u00e6rhane_nr444_svart-tverrstripet_j\u00e6rh\u00f8ns_010_1-400x250.jpg 400w, https:\/\/lovaasgjerstad.no\/jaerhons\/wp-content\/uploads\/2019\/03\/j\u00e6rh\u00f8ns_j\u00e6rhane_nr444_svart-tverrstripet_j\u00e6rh\u00f8ns_010_1.jpg 1859w\" sizes=\"(max-width: 300px) 100vw, 300px\" \/><figcaption id=\"caption-attachment-62\" class=\"wp-caption-text\">J\u00e6rhane nr 444, svart tverrstripet.<\/figcaption><\/figure>\n<p>Tverrstriping av henholdsvis svarte og hvite , eller gr\u00e5 og hvite b\u00e5nd p\u00e5 hver fj\u00e6r.<\/p>\n<p>Haner: Kroppen gr\u00e5lig med tverrstriping (gr\u00e5tavlet) og minner om fargen hos plymouth rock, men er noe lysere. Som helt utvokst f\u00e5r hanen gule fj\u00e6r i halsbeheng og gule til gyllenr\u00f8de fj\u00e6r i sadlbeheng og skuldre. Hanen har enkeltkam og hvite \u00f8reskiver, lyst nebb og lyse l\u00f8p.<\/p>\n<p>H\u00f8ner: Kroppen m\u00f8rk med avvekslende svarte og lyse tverrstriper (gr\u00e5tavlet) som hos plymouth rock. Halsen gulbrun. Halsbehenget savner den typiske midtstripe som finnes hos brune italienere. Mange har hvite svingfj\u00e6r ytterst i vingen. H\u00f8na har enkeltkam, hvite \u00f8reskiver, lyst nebb og lyse l\u00f8p.<\/p>\n<p>&nbsp;<\/p>\n<h2>Brun tverrstripet:<\/h2>\n<figure id=\"attachment_64\" aria-describedby=\"caption-attachment-64\" style=\"width: 300px\" class=\"wp-caption alignright\"><img decoding=\"async\" class=\"size-medium wp-image-64\" src=\"http:\/\/lovaasgjerstad.no\/jaerhons\/wp-content\/uploads\/2019\/03\/j\u00e6rh\u00f8ns_j\u00e6rhane_nr450_brun-tverrstripet-m\u00f8rk-normaltype_j\u00e6rh\u00f8ns_016-300x193.jpg\" alt=\"J\u00e6rhane nr 450, brun tverrstripet (m\u00f8rk)\" width=\"300\" height=\"193\" srcset=\"https:\/\/lovaasgjerstad.no\/jaerhons\/wp-content\/uploads\/2019\/03\/j\u00e6rh\u00f8ns_j\u00e6rhane_nr450_brun-tverrstripet-m\u00f8rk-normaltype_j\u00e6rh\u00f8ns_016-300x193.jpg 300w, https:\/\/lovaasgjerstad.no\/jaerhons\/wp-content\/uploads\/2019\/03\/j\u00e6rh\u00f8ns_j\u00e6rhane_nr450_brun-tverrstripet-m\u00f8rk-normaltype_j\u00e6rh\u00f8ns_016-768x495.jpg 768w, https:\/\/lovaasgjerstad.no\/jaerhons\/wp-content\/uploads\/2019\/03\/j\u00e6rh\u00f8ns_j\u00e6rhane_nr450_brun-tverrstripet-m\u00f8rk-normaltype_j\u00e6rh\u00f8ns_016-1024x660.jpg 1024w, https:\/\/lovaasgjerstad.no\/jaerhons\/wp-content\/uploads\/2019\/03\/j\u00e6rh\u00f8ns_j\u00e6rhane_nr450_brun-tverrstripet-m\u00f8rk-normaltype_j\u00e6rh\u00f8ns_016.jpg 1930w\" sizes=\"(max-width: 300px) 100vw, 300px\" \/><figcaption id=\"caption-attachment-64\" class=\"wp-caption-text\">J\u00e6rhane nr 450, brun tverrstripet (m\u00f8rk)<\/figcaption><\/figure>\n<figure id=\"attachment_65\" aria-describedby=\"caption-attachment-65\" style=\"width: 300px\" class=\"wp-caption alignright\"><img loading=\"lazy\" decoding=\"async\" class=\"size-medium wp-image-65\" src=\"http:\/\/lovaasgjerstad.no\/jaerhons\/wp-content\/uploads\/2019\/03\/j\u00e6rh\u00f8ns_j\u00e6rhane_nr455_brun-tverrstripet-lys-normalfarget_j\u00e6rh\u00f8ns_014-300x196.jpg\" alt=\"J\u00e6rhane nr 455, brun tverrstripet (lys)\" width=\"300\" height=\"196\" srcset=\"https:\/\/lovaasgjerstad.no\/jaerhons\/wp-content\/uploads\/2019\/03\/j\u00e6rh\u00f8ns_j\u00e6rhane_nr455_brun-tverrstripet-lys-normalfarget_j\u00e6rh\u00f8ns_014-300x196.jpg 300w, https:\/\/lovaasgjerstad.no\/jaerhons\/wp-content\/uploads\/2019\/03\/j\u00e6rh\u00f8ns_j\u00e6rhane_nr455_brun-tverrstripet-lys-normalfarget_j\u00e6rh\u00f8ns_014-768x503.jpg 768w, https:\/\/lovaasgjerstad.no\/jaerhons\/wp-content\/uploads\/2019\/03\/j\u00e6rh\u00f8ns_j\u00e6rhane_nr455_brun-tverrstripet-lys-normalfarget_j\u00e6rh\u00f8ns_014-1024x670.jpg 1024w, https:\/\/lovaasgjerstad.no\/jaerhons\/wp-content\/uploads\/2019\/03\/j\u00e6rh\u00f8ns_j\u00e6rhane_nr455_brun-tverrstripet-lys-normalfarget_j\u00e6rh\u00f8ns_014.jpg 1884w\" sizes=\"(max-width: 300px) 100vw, 300px\" \/><figcaption id=\"caption-attachment-65\" class=\"wp-caption-text\">J\u00e6rhane nr 455, brun tverrstripet (lys).<\/figcaption><\/figure>\n<p>Denne typen ble i 1945 omtalt som \u201dnormaltypen\u201d. De er lysere enn de svarte tverrstripete, og har avvekslende lyse og gulbrune tverrstriper.<\/p>\n<p>Haner: Kroppen er gr\u00e5brun til gr\u00e5gul med tverrstriping p\u00e5 de enkelte fj\u00e6r. Dette er s\u00e6rlig tydelig p\u00e5 sidene av kroppen, undersiden av vingene og p\u00e5 buksiden. Hals- og sadelbeheng gulhvitt, skulder gulhvit med gylne (gulr\u00f8de) fj\u00e6r. Hanen har enkeltkam, lyst nebb og l\u00f8p.<\/p>\n<figure id=\"attachment_67\" aria-describedby=\"caption-attachment-67\" style=\"width: 300px\" class=\"wp-caption alignright\"><img loading=\"lazy\" decoding=\"async\" class=\"size-medium wp-image-67\" src=\"http:\/\/lovaasgjerstad.no\/jaerhons\/wp-content\/uploads\/2019\/03\/j\u00e6rh\u00f8ns_j\u00e6rhane_nr476_ekstra-lys_hane_j\u00e6rh\u00f8ns_021-300x199.jpg\" alt=\"J\u00e6rhane nr 476, ekstra lys hane. Det er ingen kyllingfoto av denne hanen.\" width=\"300\" height=\"199\" srcset=\"https:\/\/lovaasgjerstad.no\/jaerhons\/wp-content\/uploads\/2019\/03\/j\u00e6rh\u00f8ns_j\u00e6rhane_nr476_ekstra-lys_hane_j\u00e6rh\u00f8ns_021-300x199.jpg 300w, https:\/\/lovaasgjerstad.no\/jaerhons\/wp-content\/uploads\/2019\/03\/j\u00e6rh\u00f8ns_j\u00e6rhane_nr476_ekstra-lys_hane_j\u00e6rh\u00f8ns_021-768x508.jpg 768w, https:\/\/lovaasgjerstad.no\/jaerhons\/wp-content\/uploads\/2019\/03\/j\u00e6rh\u00f8ns_j\u00e6rhane_nr476_ekstra-lys_hane_j\u00e6rh\u00f8ns_021-1024x678.jpg 1024w, https:\/\/lovaasgjerstad.no\/jaerhons\/wp-content\/uploads\/2019\/03\/j\u00e6rh\u00f8ns_j\u00e6rhane_nr476_ekstra-lys_hane_j\u00e6rh\u00f8ns_021.jpg 1752w\" sizes=\"(max-width: 300px) 100vw, 300px\" \/><figcaption id=\"caption-attachment-67\" class=\"wp-caption-text\">J\u00e6rhane nr 476, ekstra lys hane. Det er ingen kyllingfoto av denne hanen.<br \/>(Sett i forhold til svenske avlsfors\u00f8k med Fifty Five Flowery, s\u00e5 ser denne ut til \u00e5 v\u00e6re hanefargen som tilh\u00f8rer den \u00abrypefargete h\u00f8na).<\/figcaption><\/figure>\n<figure id=\"attachment_73\" aria-describedby=\"caption-attachment-73\" style=\"width: 300px\" class=\"wp-caption alignright\"><img loading=\"lazy\" decoding=\"async\" class=\"size-medium wp-image-73\" src=\"http:\/\/lovaasgjerstad.no\/jaerhons\/wp-content\/uploads\/2019\/03\/j\u00e6rh\u00f8ns_j\u00e6rh\u00f8ne_nr452_brun-tverrstripet-normaltype_j\u00e6rh\u00f8ns_018-300x195.jpg\" alt=\"J\u00e6rh\u00f8ne nr 452, brun tverrstripet, normaltype.\" width=\"300\" height=\"195\" srcset=\"https:\/\/lovaasgjerstad.no\/jaerhons\/wp-content\/uploads\/2019\/03\/j\u00e6rh\u00f8ns_j\u00e6rh\u00f8ne_nr452_brun-tverrstripet-normaltype_j\u00e6rh\u00f8ns_018-300x195.jpg 300w, https:\/\/lovaasgjerstad.no\/jaerhons\/wp-content\/uploads\/2019\/03\/j\u00e6rh\u00f8ns_j\u00e6rh\u00f8ne_nr452_brun-tverrstripet-normaltype_j\u00e6rh\u00f8ns_018-768x498.jpg 768w, https:\/\/lovaasgjerstad.no\/jaerhons\/wp-content\/uploads\/2019\/03\/j\u00e6rh\u00f8ns_j\u00e6rh\u00f8ne_nr452_brun-tverrstripet-normaltype_j\u00e6rh\u00f8ns_018-1024x664.jpg 1024w, https:\/\/lovaasgjerstad.no\/jaerhons\/wp-content\/uploads\/2019\/03\/j\u00e6rh\u00f8ns_j\u00e6rh\u00f8ne_nr452_brun-tverrstripet-normaltype_j\u00e6rh\u00f8ns_018.jpg 1889w\" sizes=\"(max-width: 300px) 100vw, 300px\" \/><figcaption id=\"caption-attachment-73\" class=\"wp-caption-text\">J\u00e6rh\u00f8ne nr 452, brun tverrstripet, normaltype.<br \/>(Denne kaller vi i dag gul-brun).<\/figcaption><\/figure>\n<p>I denne gruppen kan haner deles i tre klasser etter lyshetsgraden:<br \/>\nA. M\u00f8rk normaltype<br \/>\nB. Lys normaltype<br \/>\nC. Ekstra lyse<br \/>\nA og B er like, men med forskjell i lyshetsgrad. C skiller seg vesentlig ut ved at de er ekstra lyse, nesten hvite, bare med svak gul-brune stenk eller tverrstriper p\u00e5 en del av fj\u00e6rene.<\/p>\n<p>H\u00f8ner: Skulder, rygg og kroppssider brune med m\u00f8rk tverrstriping, men med noe utvisker tegning. Halsbehenget gule med tydelig tverrstriping, men uten svart midtstripe. Halefj\u00e6rene m\u00f8rke eller lyse med gulbrune tenk. Mange har hvite svingfj\u00e6r ytterst i vingene. H\u00f8na har enkeltkam, hvite \u00f8reskiver, lyst nebb og l\u00f8p.<\/p>\n<p>&nbsp;<\/p>\n<h2>Gul tverrstripet:<\/h2>\n<p>Det var i 1945 kun observert enkelte h\u00f8ner av denne fargen. De ligner de brune, men med en forskjell at fargen p\u00e5 skulder, rygg og kropp har en tydelig gul fargetone. De gule tverrstripete utgj\u00f8r omtrent 1 % av h\u00f8nsene i fors\u00f8ket. De er gulbrune ved klekking, uten nakkeflekk, men en liten brun flekk i panna. Alle disse utvikler seg til h\u00f8ner. De har ikke klart \u00e5 p\u00e5vise hanens farger av denne varianten.<\/p>\n<p>&nbsp;<\/p>\n<h2>Brunspraglet:<\/h2>\n<figure id=\"attachment_70\" aria-describedby=\"caption-attachment-70\" style=\"width: 300px\" class=\"wp-caption alignright\"><img loading=\"lazy\" decoding=\"async\" class=\"size-medium wp-image-70\" src=\"http:\/\/lovaasgjerstad.no\/jaerhons\/wp-content\/uploads\/2019\/03\/j\u00e6rh\u00f8ns_j\u00e6rh\u00f8ne_nr449_brunspraglete-med-tverrstriping_j\u00e6rh\u00f8ns_020-300x197.jpg\" alt=\"J\u00e6rh\u00f8ne nr 449, brunspraglete med tverrstriping (Rypefarget)\" width=\"300\" height=\"197\" srcset=\"https:\/\/lovaasgjerstad.no\/jaerhons\/wp-content\/uploads\/2019\/03\/j\u00e6rh\u00f8ns_j\u00e6rh\u00f8ne_nr449_brunspraglete-med-tverrstriping_j\u00e6rh\u00f8ns_020-300x197.jpg 300w, https:\/\/lovaasgjerstad.no\/jaerhons\/wp-content\/uploads\/2019\/03\/j\u00e6rh\u00f8ns_j\u00e6rh\u00f8ne_nr449_brunspraglete-med-tverrstriping_j\u00e6rh\u00f8ns_020-768x503.jpg 768w, https:\/\/lovaasgjerstad.no\/jaerhons\/wp-content\/uploads\/2019\/03\/j\u00e6rh\u00f8ns_j\u00e6rh\u00f8ne_nr449_brunspraglete-med-tverrstriping_j\u00e6rh\u00f8ns_020-1024x671.jpg 1024w, https:\/\/lovaasgjerstad.no\/jaerhons\/wp-content\/uploads\/2019\/03\/j\u00e6rh\u00f8ns_j\u00e6rh\u00f8ne_nr449_brunspraglete-med-tverrstriping_j\u00e6rh\u00f8ns_020.jpg 1819w\" sizes=\"(max-width: 300px) 100vw, 300px\" \/><figcaption id=\"caption-attachment-70\" class=\"wp-caption-text\">J\u00e6rh\u00f8ne nr 449, brunspraglete med tverrstriping (Rypefarget)<\/figcaption><\/figure>\n<p>Det ble kun funnet noen f\u00e5 h\u00f8ner ogs\u00e5 av denne fargevarianten i 1945. De ligner den brune tverrstripete h\u00f8na, men disse har spredte hvite flekker over hele kroppen. Den gulbrune farge p\u00e5 halsbehenget og p\u00e5 kroppen er mindre framtredende enn hos de brune tverrstripete h\u00f8nene av normaltypen. Fargen minnet Finne og Tuff om ryper i fj\u00e6rskiftet om v\u00e5ren. Finne kaller denne senere for rypefarget. Ved klekking er disse kyllingene brune med lys nakke og bakhode, hvit buk og skulderparti. Disse utvikler seg alltid til h\u00f8ner. Heller ikke her kjenner de til hanene som tilh\u00f8rer denne typen. Men han skriver videre at de ved enkelte klekkerier meldes om kyllinger som er ekstremt lyse, disse utvikler seg til haner som alltid er nesten hvite. Her kjenner man ikke til h\u00f8ner som tilh\u00f8rer denne typen.<\/p>\n<p>I avlsfors\u00f8ket til Finne og Tuff finner de kun tverrstripete dyr, det viser at hanene er homozygote for egenskapen (b\u00e6rere av to like gener i ett genpar). Men de f\u00e5r fram alle de fire ulike variantene med tverrstriping som er nevnt. \u00c5rsaken til at dette bevares slik i populasjonen er det noe spesielle avlssystemet som er anbefalt; \u00e5 bruke lyse ( brune tverrstripete) haner til gr\u00e5tavlete (svarte tverrstripete) h\u00f8ner.<\/p>\n<p>De guletverrstripete og de spraglete har ikke blitt observert ved Genbanken i nyere tid, og er antakeligvis borte.<\/p>\n<p>Beskrivelsen av de sv\u00e6rt lyse hanene og de spraglete\/rypefargete h\u00f8nene sammenfaller med beskrivelsen av en svensk h\u00f8nselinje som ble avlet fram p\u00e5 1950-tallet av Martin Silverudd (ogs\u00e5 kjent for Isbar), som kalles Fifty Five Flowery. Denne er tverrstripet med sv\u00e6rt lyse haner, og h\u00f8ner med pletting, som minner om ryper i fj\u00e6rskifte.<\/p>\n<p>Finne og Tuff sitt arbeid med \u00e5 dokumentere j\u00e6rh\u00f8nsene er hittil det mest omfattende med hensyn til arv og fargevarianter. Deres anbefalinger om \u00e5 satse p\u00e5 de brune tverrstripete som ga kj\u00f8nnsvisendekyllinger fikk geh\u00f8r og ble m\u00f8nster for j\u00e6rh\u00f8nsavlen framover.<\/p>\n<p>(De svarte tverrstripete og de \u00abrypefargete\u00bb finnes ikke lenger i populasjonen av j\u00e6rh\u00f8ns idag)<\/p>\n<p>Les mer om den svenske rasen <a href=\"http:\/\/lovaasgjerstad.no\/jaerhons\/wp-content\/uploads\/2019\/03\/Fiftyfive-Flowery.pdf\">Fiftyfive Flowery<\/a>. Du kan ogs\u00e5 f\u00f8lge linken til Svenske Kulturh\u00f8nsforeningen\u00a0<a href=\"http:\/\/www.kulturhons.se\/\" target=\"_blank\" rel=\"noopener noreferrer\">her<\/a>.<\/p>\n","protected":false},"excerpt":{"rendered":"<p>De ulike fargevariantene ble beskrevet som f\u00f8lger: Svart tverrstripet: Tverrstriping av henholdsvis svarte og hvite , eller gr\u00e5 og hvite b\u00e5nd p\u00e5 hver fj\u00e6r. Haner: Kroppen gr\u00e5lig med tverrstriping (gr\u00e5tavlet) og minner om fargen hos plymouth rock, men er noe lysere. Som helt utvokst f\u00e5r hanen gule fj\u00e6r i halsbeheng og gule til gyllenr\u00f8de fj\u00e6r [&hellip;]<\/p>\n","protected":false},"author":1,"featured_media":0,"parent":30,"menu_order":0,"comment_status":"closed","ping_status":"closed","template":"","meta":{"footnotes":""},"class_list":["post-146","page","type-page","status-publish","hentry"],"_links":{"self":[{"href":"https:\/\/lovaasgjerstad.no\/jaerhons\/index.php?rest_route=\/wp\/v2\/pages\/146","targetHints":{"allow":["GET"]}}],"collection":[{"href":"https:\/\/lovaasgjerstad.no\/jaerhons\/index.php?rest_route=\/wp\/v2\/pages"}],"about":[{"href":"https:\/\/lovaasgjerstad.no\/jaerhons\/index.php?rest_route=\/wp\/v2\/types\/page"}],"author":[{"embeddable":true,"href":"https:\/\/lovaasgjerstad.no\/jaerhons\/index.php?rest_route=\/wp\/v2\/users\/1"}],"replies":[{"embeddable":true,"href":"https:\/\/lovaasgjerstad.no\/jaerhons\/index.php?rest_route=%2Fwp%2Fv2%2Fcomments&post=146"}],"version-history":[{"count":1,"href":"https:\/\/lovaasgjerstad.no\/jaerhons\/index.php?rest_route=\/wp\/v2\/pages\/146\/revisions"}],"predecessor-version":[{"id":148,"href":"https:\/\/lovaasgjerstad.no\/jaerhons\/index.php?rest_route=\/wp\/v2\/pages\/146\/revisions\/148"}],"up":[{"embeddable":true,"href":"https:\/\/lovaasgjerstad.no\/jaerhons\/index.php?rest_route=\/wp\/v2\/pages\/30"}],"wp:attachment":[{"href":"https:\/\/lovaasgjerstad.no\/jaerhons\/index.php?rest_route=%2Fwp%2Fv2%2Fmedia&parent=146"}],"curies":[{"name":"wp","href":"https:\/\/api.w.org\/{rel}","templated":true}]}}