{"id":19,"date":"2015-05-05T11:32:53","date_gmt":"2015-05-05T11:32:53","guid":{"rendered":"http:\/\/lovaasgjerstad.no\/jaerhons\/?page_id=19"},"modified":"2019-03-02T12:38:38","modified_gmt":"2019-03-02T12:38:38","slug":"foredrag-100-ar-med-jaerhons","status":"publish","type":"page","link":"https:\/\/lovaasgjerstad.no\/jaerhons\/?page_id=19","title":{"rendered":"Foredrag; 100 \u00e5r med J\u00e6rh\u00f8ns"},"content":{"rendered":"<figure id=\"attachment_34\" aria-describedby=\"caption-attachment-34\" style=\"width: 197px\" class=\"wp-caption alignleft\"><img fetchpriority=\"high\" decoding=\"async\" class=\"size-full wp-image-34\" src=\"http:\/\/lovaasgjerstad.no\/jaerhons\/wp-content\/uploads\/2019\/03\/Poster_3_DvJ\u00e6rhane.jpg\" alt=\"Brun-gul j\u00e6rhane. Foto: J. L. Gjerstad\" width=\"197\" height=\"295\" \/><figcaption id=\"caption-attachment-34\" class=\"wp-caption-text\">Brun-gul j\u00e6rhane<br \/>Foto: J. L. Gjerstad<\/figcaption><\/figure>\n<p>Foredraget \u00ab100 \u00e5r med J\u00e6rh\u00f8ns\u00bb kan bestilles. Foredraget baseres p\u00e5 utstillingen, men\u00a0kan ogs\u00e5 v\u00e6re et tillegg eller selvstendig program for opplysningom rasens unike historie. Foredraget tar 45-60 minutter. Dersom det er \u00f8nsker kan det legges opp spesielt for dere.<\/p>\n<p>J\u00e6rh\u00f8na er utviklet i en tid av nasjonalromantikk og har utviklet seg under tiden av lanbrukets store hamskifte og politiske f\u00f8ringer for kanaliseringspolitikk for ulike landsdeler. I dag er hun marginalisert og \u00abr\u00f8dlistet\u00bb. Kun gjennom \u00f8kt oppmerksom het og st\u00f8rre oppslutning kan historien om rasen fortsette!<\/p>\n<p>Bestill foredrag: <a href=\"mailto:jonas@lovaasgjerstad.no\">jonas@lovaasgjerstad.no<\/a><\/p>\n","protected":false},"excerpt":{"rendered":"<p>Foredraget \u00ab100 \u00e5r med J\u00e6rh\u00f8ns\u00bb kan bestilles. Foredraget baseres p\u00e5 utstillingen, men\u00a0kan ogs\u00e5 v\u00e6re et tillegg eller selvstendig program for opplysningom rasens unike historie. Foredraget tar 45-60 minutter. Dersom det er \u00f8nsker kan det legges opp spesielt for dere. J\u00e6rh\u00f8na er utviklet i en tid av nasjonalromantikk og har utviklet seg under tiden av lanbrukets [&hellip;]<\/p>\n","protected":false},"author":1,"featured_media":0,"parent":15,"menu_order":0,"comment_status":"closed","ping_status":"closed","template":"","meta":{"footnotes":""},"class_list":["post-19","page","type-page","status-publish","hentry"],"_links":{"self":[{"href":"https:\/\/lovaasgjerstad.no\/jaerhons\/index.php?rest_route=\/wp\/v2\/pages\/19","targetHints":{"allow":["GET"]}}],"collection":[{"href":"https:\/\/lovaasgjerstad.no\/jaerhons\/index.php?rest_route=\/wp\/v2\/pages"}],"about":[{"href":"https:\/\/lovaasgjerstad.no\/jaerhons\/index.php?rest_route=\/wp\/v2\/types\/page"}],"author":[{"embeddable":true,"href":"https:\/\/lovaasgjerstad.no\/jaerhons\/index.php?rest_route=\/wp\/v2\/users\/1"}],"replies":[{"embeddable":true,"href":"https:\/\/lovaasgjerstad.no\/jaerhons\/index.php?rest_route=%2Fwp%2Fv2%2Fcomments&post=19"}],"version-history":[{"count":4,"href":"https:\/\/lovaasgjerstad.no\/jaerhons\/index.php?rest_route=\/wp\/v2\/pages\/19\/revisions"}],"predecessor-version":[{"id":102,"href":"https:\/\/lovaasgjerstad.no\/jaerhons\/index.php?rest_route=\/wp\/v2\/pages\/19\/revisions\/102"}],"up":[{"embeddable":true,"href":"https:\/\/lovaasgjerstad.no\/jaerhons\/index.php?rest_route=\/wp\/v2\/pages\/15"}],"wp:attachment":[{"href":"https:\/\/lovaasgjerstad.no\/jaerhons\/index.php?rest_route=%2Fwp%2Fv2%2Fmedia&parent=19"}],"curies":[{"name":"wp","href":"https:\/\/api.w.org\/{rel}","templated":true}]}}