{"id":2,"date":"2016-08-31T21:11:14","date_gmt":"2016-08-31T21:11:14","guid":{"rendered":"http:\/\/lovaasgjerstad.no\/jaerhons\/?page_id=2"},"modified":"2019-03-02T12:34:51","modified_gmt":"2019-03-02T12:34:51","slug":"utstillingssteder","status":"publish","type":"page","link":"https:\/\/lovaasgjerstad.no\/jaerhons\/?page_id=2","title":{"rendered":"Utstillingssteder"},"content":{"rendered":"<p><strong><img fetchpriority=\"high\" decoding=\"async\" class=\"size-medium wp-image-76 alignright\" src=\"http:\/\/lovaasgjerstad.no\/jaerhons\/wp-content\/uploads\/2019\/03\/Utstilling_3a-300x224.png\" alt=\"\" width=\"300\" height=\"224\" srcset=\"https:\/\/lovaasgjerstad.no\/jaerhons\/wp-content\/uploads\/2019\/03\/Utstilling_3a-300x224.png 300w, https:\/\/lovaasgjerstad.no\/jaerhons\/wp-content\/uploads\/2019\/03\/Utstilling_3a.png 567w\" sizes=\"(max-width: 300px) 100vw, 300px\" \/>4. september 2016<\/strong><\/p>\n<p><strong>\u00abSauensdag \u2013 \u00c5pen dag p\u00e5 Bogstad g\u00e5rd\u00bb<\/strong><\/p>\n<p>Sted: Bogstad g\u00e5rd, Oslo \u2013 Skolestua<\/p>\n<p>Arrang\u00f8r:\u00a0<a href=\"http:\/\/www.bogstad.no\/\">Bogstad g\u00e5rd<\/a><\/p>\n<p>\u2013<\/p>\n<p><strong>25. mai 2015<\/strong><\/p>\n<p><strong>Egg og h\u00f8nedag<\/strong><\/p>\n<p>Sted: Borgen g\u00e5rd ved Borgenhaugen i Sarpsborg.<\/p>\n<p>Arrang\u00f8r:\u00a0<a href=\"http:\/\/www.ostfold-rasefjerfeklubb.com\/22338984\" target=\"_blank\" rel=\"noopener noreferrer\">\u00d8stfold Hobbyfj\u00e6rfeklubb<\/a>.<\/p>\n<p>\u2013<\/p>\n<p><strong>30.\u201331. mai 2015<\/strong><\/p>\n<p><strong>Hobbydyrdagene p\u00e5 Jarlsberg<\/strong><\/p>\n<p>Sted: Ved dommerbua vedsiden av Jarlsberg travbane i T\u00f8nsberg.<\/p>\n<p>Arrang\u00f8r:\u00a0<a href=\"http:\/\/www.vestfold-hobbyfjerfe.com\/49178578\" target=\"_blank\" rel=\"noopener noreferrer\">Vestfold Hobbyfj\u00e6rfeklubb<\/a>\u00a0sammen med andre lokale husdyrforeninger.<\/p>\n","protected":false},"excerpt":{"rendered":"<p>4. september 2016 \u00abSauensdag \u2013 \u00c5pen dag p\u00e5 Bogstad g\u00e5rd\u00bb Sted: Bogstad g\u00e5rd, Oslo \u2013 Skolestua Arrang\u00f8r:\u00a0Bogstad g\u00e5rd \u2013 25. mai 2015 Egg og h\u00f8nedag Sted: Borgen g\u00e5rd ved Borgenhaugen i Sarpsborg. Arrang\u00f8r:\u00a0\u00d8stfold Hobbyfj\u00e6rfeklubb. \u2013 30.\u201331. mai 2015 Hobbydyrdagene p\u00e5 Jarlsberg Sted: Ved dommerbua vedsiden av Jarlsberg travbane i T\u00f8nsberg. Arrang\u00f8r:\u00a0Vestfold Hobbyfj\u00e6rfeklubb\u00a0sammen med andre lokale [&hellip;]<\/p>\n","protected":false},"author":1,"featured_media":0,"parent":0,"menu_order":0,"comment_status":"closed","ping_status":"open","template":"","meta":{"footnotes":""},"class_list":["post-2","page","type-page","status-publish","hentry"],"_links":{"self":[{"href":"https:\/\/lovaasgjerstad.no\/jaerhons\/index.php?rest_route=\/wp\/v2\/pages\/2","targetHints":{"allow":["GET"]}}],"collection":[{"href":"https:\/\/lovaasgjerstad.no\/jaerhons\/index.php?rest_route=\/wp\/v2\/pages"}],"about":[{"href":"https:\/\/lovaasgjerstad.no\/jaerhons\/index.php?rest_route=\/wp\/v2\/types\/page"}],"author":[{"embeddable":true,"href":"https:\/\/lovaasgjerstad.no\/jaerhons\/index.php?rest_route=\/wp\/v2\/users\/1"}],"replies":[{"embeddable":true,"href":"https:\/\/lovaasgjerstad.no\/jaerhons\/index.php?rest_route=%2Fwp%2Fv2%2Fcomments&post=2"}],"version-history":[{"count":3,"href":"https:\/\/lovaasgjerstad.no\/jaerhons\/index.php?rest_route=\/wp\/v2\/pages\/2\/revisions"}],"predecessor-version":[{"id":99,"href":"https:\/\/lovaasgjerstad.no\/jaerhons\/index.php?rest_route=\/wp\/v2\/pages\/2\/revisions\/99"}],"wp:attachment":[{"href":"https:\/\/lovaasgjerstad.no\/jaerhons\/index.php?rest_route=%2Fwp%2Fv2%2Fmedia&parent=2"}],"curies":[{"name":"wp","href":"https:\/\/api.w.org\/{rel}","templated":true}]}}