{"id":30,"date":"2015-05-05T12:38:56","date_gmt":"2015-05-05T12:38:56","guid":{"rendered":"http:\/\/lovaasgjerstad.no\/jaerhons\/?page_id=30"},"modified":"2019-03-02T12:47:17","modified_gmt":"2019-03-02T12:47:17","slug":"norske-jaerhons-var-eneste-norske-honserase","status":"publish","type":"page","link":"https:\/\/lovaasgjerstad.no\/jaerhons\/?page_id=30","title":{"rendered":"Norske j\u00e6rh\u00f8ns &#8211; v\u00e5r eneste norske h\u00f8nserase"},"content":{"rendered":"<figure id=\"attachment_42\" aria-describedby=\"caption-attachment-42\" style=\"width: 197px\" class=\"wp-caption alignleft\"><img fetchpriority=\"high\" decoding=\"async\" class=\"size-full wp-image-42\" src=\"http:\/\/lovaasgjerstad.no\/jaerhons\/wp-content\/uploads\/2019\/03\/Poster_1_Hane.png\" alt=\"Brun-gul (m\u00f8rk) J\u00e6rhane. Foto: J. L. Gjerstad\" width=\"197\" height=\"283\" \/><figcaption id=\"caption-attachment-42\" class=\"wp-caption-text\">Brun-gul (m\u00f8rk) J\u00e6rhane.<br \/>Foto: J. L. Gjerstad<\/figcaption><\/figure>\n<p>Alle tamme h\u00f8nseraser stammer fra bankivah\u00f8na som fortsatt lever vilt i jungelen i Asia. I dag er h\u00f8ns det viktigste, og mest tallrike husdyret i verden. H\u00f8ns gir oss egg og kj\u00f8tt, dette er mat som er spesielt rik p\u00e5 proteiner.<\/p>\n<p>H\u00f8ns kom til Norge for omtrent to tusen \u00e5r siden. V\u00e5re forfedre reiste og handlet med mennesker i andre land, langt tilbake i tid. Husdyrene v\u00e5re har kommet med mennesker som enten har vandret inn i Norge, eller som har handlet med de som bodde her fra tidligere.<\/p>\n<p>H\u00f8ns har i v\u00e5r historie betydd mye for v\u00e5r kultur og historiefortelling. I norr\u00f8n mytologi fortelles det om at tre haner galer i hver sin verden, og varsler \u00e6sene (gudene) om at undergangen er n\u00e6r. Gullinkambe, den gylne hanen med gullkam vekker Odins helter. En sotr\u00f8dhane galer og vekker de d\u00f8de i Hel sitt rike. Den r\u00f8de hanen Fjaler galer hos jotnene.<\/p>\n<p>Til tross en to tusen \u00e5r lang historie i Norge, s\u00e5 finnes det i dag kun \u00e9n eneste norsk h\u00f8nserase \u2013 j\u00e6rh\u00f8ns. I dag er j\u00e6rh\u00f8ns utryddingstruet fordi det er s\u00e5 f\u00e5 avlsdyr igjen av rasen.<\/p>\n<figure id=\"attachment_48\" aria-describedby=\"caption-attachment-48\" style=\"width: 300px\" class=\"wp-caption alignleft\"><img decoding=\"async\" class=\"size-medium wp-image-48\" src=\"http:\/\/lovaasgjerstad.no\/jaerhons\/wp-content\/uploads\/2019\/03\/Dverg-j\u00e6rh\u00f8ns-300x200.jpg\" alt=\"Dverg j\u00e6rhane. Foto: J. L. Gjerstad\" width=\"300\" height=\"200\" srcset=\"https:\/\/lovaasgjerstad.no\/jaerhons\/wp-content\/uploads\/2019\/03\/Dverg-j\u00e6rh\u00f8ns-300x200.jpg 300w, https:\/\/lovaasgjerstad.no\/jaerhons\/wp-content\/uploads\/2019\/03\/Dverg-j\u00e6rh\u00f8ns-768x512.jpg 768w, https:\/\/lovaasgjerstad.no\/jaerhons\/wp-content\/uploads\/2019\/03\/Dverg-j\u00e6rh\u00f8ns-1024x683.jpg 1024w\" sizes=\"(max-width: 300px) 100vw, 300px\" \/><figcaption id=\"caption-attachment-48\" class=\"wp-caption-text\">Dverg j\u00e6rhanen hevder sitt territorie og galer for \u00e5 advare andre rivaler at her holder hans h\u00f8neflokk til!<br \/>Foto: J. L. Gjerstad<\/figcaption><\/figure>\n<p>Hvor kom den fra? Hvorfor heter rasen j\u00e6rh\u00f8ns? Hva skjer med den i dag? Hvorfor er den s\u00e5 spesiell at vi mener at vi m\u00e5 ta vare p\u00e5 den for framtida?<br \/>\n\u2013 Dette er noen av temaene denne utstillingen vil fortelle om.<\/p>\n<p>Utstillingen er laget av\u00a0<a href=\"http:\/\/lovaasgjerstad.no\/\" target=\"_blank\" rel=\"noopener noreferrer\">Jonas L\u00f8vaas Gjerstad<\/a>, med st\u00f8tte fra\u00a0<a href=\"http:\/\/www.skogoglandskap.no\/avdeling\/avdeling_genressurssenteret\/department_view\" target=\"_blank\" rel=\"noopener noreferrer\">Norsk genressurssenter<\/a>\u00a0og\u00a0<a href=\"http:\/\/nrff.no\/\" target=\"_blank\" rel=\"noopener noreferrer\">Norsk Rasefj\u00e6rfeforbund<\/a>.<\/p>\n","protected":false},"excerpt":{"rendered":"<p>Alle tamme h\u00f8nseraser stammer fra bankivah\u00f8na som fortsatt lever vilt i jungelen i Asia. I dag er h\u00f8ns det viktigste, og mest tallrike husdyret i verden. H\u00f8ns gir oss egg og kj\u00f8tt, dette er mat som er spesielt rik p\u00e5 proteiner. H\u00f8ns kom til Norge for omtrent to tusen \u00e5r siden. V\u00e5re forfedre reiste og [&hellip;]<\/p>\n","protected":false},"author":1,"featured_media":0,"parent":0,"menu_order":0,"comment_status":"closed","ping_status":"closed","template":"","meta":{"footnotes":""},"class_list":["post-30","page","type-page","status-publish","hentry"],"_links":{"self":[{"href":"https:\/\/lovaasgjerstad.no\/jaerhons\/index.php?rest_route=\/wp\/v2\/pages\/30","targetHints":{"allow":["GET"]}}],"collection":[{"href":"https:\/\/lovaasgjerstad.no\/jaerhons\/index.php?rest_route=\/wp\/v2\/pages"}],"about":[{"href":"https:\/\/lovaasgjerstad.no\/jaerhons\/index.php?rest_route=\/wp\/v2\/types\/page"}],"author":[{"embeddable":true,"href":"https:\/\/lovaasgjerstad.no\/jaerhons\/index.php?rest_route=\/wp\/v2\/users\/1"}],"replies":[{"embeddable":true,"href":"https:\/\/lovaasgjerstad.no\/jaerhons\/index.php?rest_route=%2Fwp%2Fv2%2Fcomments&post=30"}],"version-history":[{"count":1,"href":"https:\/\/lovaasgjerstad.no\/jaerhons\/index.php?rest_route=\/wp\/v2\/pages\/30\/revisions"}],"predecessor-version":[{"id":103,"href":"https:\/\/lovaasgjerstad.no\/jaerhons\/index.php?rest_route=\/wp\/v2\/pages\/30\/revisions\/103"}],"wp:attachment":[{"href":"https:\/\/lovaasgjerstad.no\/jaerhons\/index.php?rest_route=%2Fwp%2Fv2%2Fmedia&parent=30"}],"curies":[{"name":"wp","href":"https:\/\/api.w.org\/{rel}","templated":true}]}}